{"id":3549,"date":"2023-03-30T01:44:23","date_gmt":"2023-03-30T01:44:23","guid":{"rendered":"https:\/\/www.grill-day.com\/zubehor\/"},"modified":"2023-03-30T01:44:23","modified_gmt":"2023-03-30T01:44:23","slug":"zubehor","status":"publish","type":"page","link":"https:\/\/www.grill-day.com\/de\/zubehor\/","title":{"rendered":"Zubeh\u00f6r"},"content":{"rendered":"<p>[et_pb_section fb_built=&#8220;1&#8243; fullwidth=&#8220;on&#8220; admin_label=&#8220;Hero&#8220; _builder_version=&#8220;4.21.0&#8243; background_color=&#8220;#2d2d2d&#8220; use_background_color_gradient=&#8220;on&#8220; background_color_gradient_direction=&#8220;140deg&#8220; background_color_gradient_stops=&#8220;rgba(25,36,45,0.7) 0%|#19242d 100%&#8220; background_color_gradient_overlays_image=&#8220;on&#8220; background_color_gradient_start=&#8220;rgba(25,36,45,0.7)&#8220; background_color_gradient_end=&#8220;#19242d&#8220; background_image=&#8220;https:\/\/www.grill-day.com\/wp-content\/uploads\/2023\/05\/2023-05-16_Accessories-General-Background-Mobile-Traeger-Wood-Pellet-Grills.webp&#8220; global_colors_info=&#8220;{}&#8220;][et_pb_fullwidth_header title=&#8220;Grillzubeh\u00f6r&#8220; text_orientation=&#8220;center&#8220; _builder_version=&#8220;4.21.0&#8243; title_font=&#8220;Oswald|500|||||||&#8220; title_font_size=&#8220;56px&#8220; title_line_height=&#8220;1.4em&#8220; content_font=&#8220;||||||||&#8220; content_font_size=&#8220;18px&#8220; content_line_height=&#8220;2em&#8220; background_color=&#8220;rgba(0,0,0,0)&#8220; custom_button_one=&#8220;on&#8220; button_one_text_size=&#8220;16px&#8220; button_one_text_color=&#8220;#ffffff&#8220; button_one_bg_color=&#8220;#e0aa25&#8243; button_one_border_width=&#8220;8px&#8220; button_one_border_color=&#8220;rgba(0,0,0,0)&#8220; button_one_border_radius=&#8220;0px&#8220; button_one_letter_spacing=&#8220;9px&#8220; button_one_font=&#8220;Montserrat|||on|||||&#8220; button_one_use_icon=&#8220;off&#8220; button_one_custom_margin=&#8220;43px||||false|false&#8220; button_one_custom_padding=&#8220;||||false|false&#8220; custom_button_two=&#8220;on&#8220; button_two_text_size=&#8220;16px&#8220; button_two_text_color=&#8220;#ffffff&#8220; button_two_bg_color=&#8220;#e0aa25&#8243; button_two_border_width=&#8220;8px&#8220; button_two_border_color=&#8220;rgba(0,0,0,0)&#8220; button_two_border_radius=&#8220;0px&#8220; button_two_letter_spacing=&#8220;3px&#8220; button_two_font=&#8220;Montserrat|||on|||||&#8220; button_two_use_icon=&#8220;off&#8220; custom_margin=&#8220;|||&#8220; custom_padding=&#8220;||6vw||false|&#8220; title_font_size_tablet=&#8220;46px&#8220; title_font_size_phone=&#8220;36px&#8220; title_font_size_last_edited=&#8220;on|phone&#8220; content_font_size_tablet=&#8220;&#8220; content_font_size_phone=&#8220;15px&#8220; content_font_size_last_edited=&#8220;on|phone&#8220; button_one_border_radius_hover=&#8220;0px&#8220; button_two_border_radius_hover=&#8220;0px&#8220; button_one_letter_spacing_hover=&#8220;3px&#8220; button_two_letter_spacing_hover=&#8220;3px&#8220; button_one_bg_color_hover=&#8220;rgba(193,62,51,0.9)&#8220; button_two_bg_color_hover=&#8220;rgba(193,62,51,0.9)&#8220; global_colors_info=&#8220;{}&#8220; button_one_text_size__hover_enabled=&#8220;off&#8220; button_two_text_size__hover_enabled=&#8220;off&#8220; button_one_text_color__hover_enabled=&#8220;off&#8220; button_two_text_color__hover_enabled=&#8220;off&#8220; button_one_border_width__hover_enabled=&#8220;off&#8220; button_two_border_width__hover_enabled=&#8220;off&#8220; button_one_border_color__hover_enabled=&#8220;off&#8220; button_two_border_color__hover_enabled=&#8220;off&#8220; button_one_border_radius__hover_enabled=&#8220;on&#8220; button_one_border_radius__hover=&#8220;0px&#8220; button_two_border_radius__hover_enabled=&#8220;on&#8220; button_two_border_radius__hover=&#8220;0px&#8220; button_one_letter_spacing__hover_enabled=&#8220;off|desktop&#8220; button_one_letter_spacing__hover=&#8220;3px&#8220; button_two_letter_spacing__hover_enabled=&#8220;on&#8220; button_two_letter_spacing__hover=&#8220;3px&#8220; button_one_bg_color__hover_enabled=&#8220;on&#8220; button_one_bg_color__hover=&#8220;rgba(193,62,51,0.9)&#8220; button_two_bg_color__hover_enabled=&#8220;on&#8220; button_two_bg_color__hover=&#8220;rgba(193,62,51,0.9)&#8220;]<\/p>\n<p>Pelletgrills haben die Art und Weise, wie wir grillen, revolutioniert, indem sie konstante Hitze, Bequemlichkeit und au\u00dfergew\u00f6hnlichen Geschmack bieten. Entdecken Sie alle Grillzubeh\u00f6rteile von Shanghai DESE. Wir bieten nur leistungsstarke Produkte an.<\/p>\n<p>[\/et_pb_fullwidth_header][\/et_pb_section][et_pb_section fb_built=&#8220;1&#8243; admin_label=&#8220;Pricing&#8220; _builder_version=&#8220;4.16&#8243; background_color=&#8220;#f7f7f7&#8243; custom_padding=&#8220;70px|0px|60px|0px|false|false&#8220; animation_style=&#8220;fold&#8220; animation_direction=&#8220;top&#8220; animation_intensity_fold=&#8220;20%&#8220; global_colors_info=&#8220;{}&#8220;][et_pb_row column_structure=&#8220;2_5,3_5&#8243; _builder_version=&#8220;4.20.4&#8243; _module_preset=&#8220;default&#8220; global_colors_info=&#8220;{}&#8220;][et_pb_column type=&#8220;2_5&#8243; _builder_version=&#8220;4.20.4&#8243; _module_preset=&#8220;default&#8220; global_colors_info=&#8220;{}&#8220;][et_pb_text _builder_version=&#8220;4.21.0&#8243; _module_preset=&#8220;default&#8220; text_font_size=&#8220;17px&#8220; text_line_height=&#8220;1.8em&#8220; header_font=&#8220;Oswald|500||on|||||&#8220; header_2_font=&#8220;Oswald|500||on|||||&#8220; header_2_text_align=&#8220;center&#8220; header_2_font_size=&#8220;46px&#8220; custom_margin=&#8220;7px||||false|false&#8220; hover_enabled=&#8220;0&#8243; global_colors_info=&#8220;{}&#8220; sticky_enabled=&#8220;0&#8243;]<\/p>\n<h2 style=\"text-align: left;\">Pelletbeh\u00e4ltermontage f\u00fcr Raucher<\/h2>\n<p>[\/et_pb_text][et_pb_text _builder_version=&#8220;4.21.0&#8243; _module_preset=&#8220;default&#8220; text_font_size=&#8220;18px&#8220; text_line_height=&#8220;1.8em&#8220; custom_margin=&#8220;||162px|||&#8220; hover_enabled=&#8220;0&#8243; global_colors_info=&#8220;{}&#8220; sticky_enabled=&#8220;0&#8243;]<\/p>\n<p>Der Pellet-Hopper-Assembly f\u00fcr einen Smoker ist eine Komponente, die Holzpellets in den Feuerraum des Smokers h\u00e4lt und abgibt. Die Holzpellets werden aus gepresstem S\u00e4gemehl hergestellt und sind eine beliebte Brennstoffquelle f\u00fcr Raucher, da sie sauber und effizient brennen und eine konstante Temperatur und Rauchgeschmack erzeugen.<\/p>\n<p>[\/et_pb_text][et_pb_text _builder_version=&#8220;4.20.4&#8243; _module_preset=&#8220;default&#8220; text_font=&#8220;Montserrat|||on|||||&#8220; text_text_color=&#8220;#FFFFFF&#8220; text_font_size=&#8220;29px&#8220; text_letter_spacing=&#8220;2px&#8220; background_color=&#8220;#e0aa25&#8243; custom_padding=&#8220;11px||13px|||&#8220; link_option_url=&#8220;https:\/\/www.grill-day.com\/category\/products\/pellet-grills\/&#8220; box_shadow_style=&#8220;preset1&#8243; global_colors_info=&#8220;{}&#8220; background__hover_enabled=&#8220;on|hover&#8220; background_color__hover=&#8220;rgba(193,62,51,0.9)&#8220; background_enable_color__hover=&#8220;on&#8220;]<\/p>\n<p style=\"text-align: center;\">Mehr anzeigen<\/p>\n<p>[\/et_pb_text][\/et_pb_column][et_pb_column type=&#8220;3_5&#8243; _builder_version=&#8220;4.20.4&#8243; _module_preset=&#8220;default&#8220; global_colors_info=&#8220;{}&#8220;][et_pb_image src=&#8220;https:\/\/www.grill-day.com\/wp-content\/uploads\/2023\/05\/2023-05-16_Pellet-Hopper-Replacement-29.webp&#8220; alt=&#8220;Der Deckel des Grills ist ge\u00f6ffnet&#8220; title_text=&#8220;2023-05-16_Pellet Hopper Replacement &#8211; 29&#8243; _builder_version=&#8220;4.21.0&#8243; _module_preset=&#8220;default&#8220; hover_enabled=&#8220;0&#8243; global_colors_info=&#8220;{}&#8220; sticky_enabled=&#8220;0&#8243;][\/et_pb_image][\/et_pb_column][\/et_pb_row][et_pb_row _builder_version=&#8220;4.20.4&#8243; _module_preset=&#8220;default&#8220; custom_padding=&#8220;0px|||||&#8220; global_colors_info=&#8220;{}&#8220;][et_pb_column type=&#8220;4_4&#8243; _builder_version=&#8220;4.20.4&#8243; _dynamic_attributes=&#8220;link_option_url&#8220; _module_preset=&#8220;default&#8220; background_color=&#8220;rgba(193,62,51,0.9)&#8220; link_option_url=&#8220;@ET-DC@eyJkeW5hbWljIjp0cnVlLCJjb250ZW50IjoicG9zdF9saW5rX3VybF9wYWdlIiwic2V0dGluZ3MiOnsicG9zdF9pZCI6IjUzIn19@&#8220; box_shadow_style=&#8220;preset1&#8243; global_colors_info=&#8220;{}&#8220; background__hover_enabled=&#8220;on|desktop&#8220; background_color__hover=&#8220;#e0aa25&#8243; background_enable_color__hover=&#8220;on&#8220;][et_pb_text _builder_version=&#8220;4.20.4&#8243; _module_preset=&#8220;default&#8220; text_font=&#8220;Allerta||||||||&#8220; text_text_color=&#8220;#FFFFFF&#8220; text_font_size=&#8220;34px&#8220; custom_padding=&#8220;15px||15px||true|false&#8220; global_colors_info=&#8220;{}&#8220;]<\/p>\n<p style=\"text-align: center;\">\ud83d\ude0aWir \u00fcbersetzen Ihre Website in f\u00fcnf Sprachen. Kontaktieren Sie uns, um mehr zu erfahren \ud83d\ude0a<\/p>\n<p>[\/et_pb_text][\/et_pb_column][\/et_pb_row][\/et_pb_section][et_pb_section fb_built=&#8220;1&#8243; _builder_version=&#8220;4.20.4&#8243; _module_preset=&#8220;default&#8220; custom_padding=&#8220;60px||5px|||&#8220; global_colors_info=&#8220;{}&#8220;][et_pb_row column_structure=&#8220;3_5,2_5&#8243; _builder_version=&#8220;4.20.4&#8243; _module_preset=&#8220;default&#8220; global_colors_info=&#8220;{}&#8220;][et_pb_column type=&#8220;3_5&#8243; _builder_version=&#8220;4.20.4&#8243; _module_preset=&#8220;default&#8220; global_colors_info=&#8220;{}&#8220;][et_pb_image src=&#8220;https:\/\/www.grill-day.com\/wp-content\/uploads\/2023\/05\/2023-05-16_001-1.webp&#8220; alt=&#8220;tragbarer Pellet-Raucher&#8220; title_text=&#8220;pellet grill controller&#8220; _builder_version=&#8220;4.21.0&#8243; _module_preset=&#8220;default&#8220; hover_enabled=&#8220;0&#8243; global_colors_info=&#8220;{}&#8220; sticky_enabled=&#8220;0&#8243;][\/et_pb_image][\/et_pb_column][et_pb_column type=&#8220;2_5&#8243; _builder_version=&#8220;4.20.4&#8243; _module_preset=&#8220;default&#8220; global_colors_info=&#8220;{}&#8220;][et_pb_text _builder_version=&#8220;4.21.0&#8243; _module_preset=&#8220;default&#8220; header_2_font=&#8220;Oswald|500||on|||||&#8220; header_2_font_size=&#8220;46px&#8220; hover_enabled=&#8220;0&#8243; global_colors_info=&#8220;{}&#8220; sticky_enabled=&#8220;0&#8243;]<\/p>\n<h2>Pellet Grill Steuerung<\/h2>\n<p>[\/et_pb_text][et_pb_text _builder_version=&#8220;4.21.0&#8243; _module_preset=&#8220;default&#8220; text_font_size=&#8220;18px&#8220; text_line_height=&#8220;1.8em&#8220; custom_margin=&#8220;||24px|||&#8220; hover_enabled=&#8220;0&#8243; global_colors_info=&#8220;{}&#8220; sticky_enabled=&#8220;0&#8243;]<\/p>\n<p>Ein Pelletgrill-Controller ist ein Ger\u00e4t aus langlebigen Materialien wie pulverbeschichtetem Stahl und Edelstahl, das die Temperatur und andere Einstellungen eines Pelletgrills mit digitaler Technologie wie einem PID-Controller regelt. Es bietet Funktionen wie WiFi- oder Bluetooth-Konnektivit\u00e4t, Fleischsonden und Timer, um das Grillen mit Pellets pr\u00e4ziser und bequemer zu machen.<\/p>\n<p>[\/et_pb_text][et_pb_text _builder_version=&#8220;4.20.4&#8243; _dynamic_attributes=&#8220;link_option_url&#8220; _module_preset=&#8220;default&#8220; text_font=&#8220;Montserrat|||on|||||&#8220; text_text_color=&#8220;#FFFFFF&#8220; text_font_size=&#8220;29px&#8220; text_letter_spacing=&#8220;2px&#8220; background_color=&#8220;#e0aa25&#8243; custom_padding=&#8220;11px||13px|||&#8220; link_option_url=&#8220;@ET-DC@eyJkeW5hbWljIjp0cnVlLCJjb250ZW50IjoicG9zdF9saW5rX3VybF9wYWdlIiwic2V0dGluZ3MiOnsicG9zdF9pZCI6Ijg5OSJ9fQ==@&#8220; box_shadow_style=&#8220;preset1&#8243; global_colors_info=&#8220;{}&#8220; background__hover_enabled=&#8220;on|hover&#8220; background_color__hover=&#8220;rgba(193,62,51,0.9)&#8220; background_enable_color__hover=&#8220;on&#8220;]<\/p>\n<p style=\"text-align: center;\">Mehr anzeigen<\/p>\n<p>[\/et_pb_text][\/et_pb_column][\/et_pb_row][et_pb_row _builder_version=&#8220;4.20.4&#8243; _module_preset=&#8220;default&#8220; custom_padding=&#8220;0px|||||&#8220; global_colors_info=&#8220;{}&#8220;][et_pb_column type=&#8220;4_4&#8243; _builder_version=&#8220;4.20.4&#8243; _dynamic_attributes=&#8220;link_option_url&#8220; _module_preset=&#8220;default&#8220; background_color=&#8220;rgba(193,62,51,0.9)&#8220; link_option_url=&#8220;@ET-DC@eyJkeW5hbWljIjp0cnVlLCJjb250ZW50IjoicG9zdF9saW5rX3VybF9wYWdlIiwic2V0dGluZ3MiOnsicG9zdF9pZCI6IjUzIn19@&#8220; box_shadow_style=&#8220;preset1&#8243; global_colors_info=&#8220;{}&#8220; background__hover_enabled=&#8220;on|desktop&#8220; background_color__hover=&#8220;#e0aa25&#8243; background_enable_color__hover=&#8220;on&#8220;][et_pb_text _builder_version=&#8220;4.20.4&#8243; _module_preset=&#8220;default&#8220; text_font=&#8220;Allerta||||||||&#8220; text_text_color=&#8220;#FFFFFF&#8220; text_font_size=&#8220;34px&#8220; text_line_height=&#8220;1.8em&#8220; custom_padding=&#8220;||||true|false&#8220; global_colors_info=&#8220;{}&#8220;]<\/p>\n<p style=\"text-align: center;\">\ud83d\ude0aKontaktieren Sie uns, um den Produktkatalog zu erhalten \ud83d\ude0a<\/p>\n<p>[\/et_pb_text][\/et_pb_column][\/et_pb_row][\/et_pb_section][et_pb_section fb_built=&#8220;1&#8243; _builder_version=&#8220;4.20.4&#8243; _module_preset=&#8220;default&#8220; custom_padding=&#8220;||5px|||&#8220; global_colors_info=&#8220;{}&#8220;][et_pb_row column_structure=&#8220;2_5,3_5&#8243; _builder_version=&#8220;4.20.4&#8243; _module_preset=&#8220;default&#8220; global_colors_info=&#8220;{}&#8220;][et_pb_column type=&#8220;2_5&#8243; _builder_version=&#8220;4.20.4&#8243; _module_preset=&#8220;default&#8220; global_colors_info=&#8220;{}&#8220;][et_pb_text _builder_version=&#8220;4.21.0&#8243; _module_preset=&#8220;default&#8220; header_2_font=&#8220;Oswald|500||on|||||&#8220; header_2_font_size=&#8220;46px&#8220; hover_enabled=&#8220;0&#8243; global_colors_info=&#8220;{}&#8220; sticky_enabled=&#8220;0&#8243;]<\/p>\n<h2>Edelstahl-Rotisserie-Set<\/h2>\n<p>[\/et_pb_text][et_pb_text _builder_version=&#8220;4.21.0&#8243; _module_preset=&#8220;default&#8220; text_font_size=&#8220;18px&#8220; text_line_height=&#8220;1.8em&#8220; custom_margin=&#8220;||88px|||&#8220; hover_enabled=&#8220;0&#8243; global_colors_info=&#8220;{}&#8220; sticky_enabled=&#8220;0&#8243;]<\/p>\n<p><span>Das Edelstahlgrillspieleset ist ein vielseitiges Zubeh\u00f6r f\u00fcr das Kochen im Freien, das Fleisch und andere Lebensmittel einen zus\u00e4tzlichen Geschmacks- und Z\u00e4rtlichkeitsgrad verleiht und gleichzeitig eine beeindruckende Pr\u00e4sentation f\u00fcr G\u00e4ste bietet.<\/span><\/p>\n<p>[\/et_pb_text][et_pb_text _builder_version=&#8220;4.20.4&#8243; _dynamic_attributes=&#8220;link_option_url&#8220; _module_preset=&#8220;default&#8220; text_font=&#8220;Montserrat|||on|||||&#8220; text_text_color=&#8220;#FFFFFF&#8220; text_font_size=&#8220;29px&#8220; text_letter_spacing=&#8220;2px&#8220; background_color=&#8220;#e0aa25&#8243; custom_padding=&#8220;11px||13px|||&#8220; link_option_url=&#8220;@ET-DC@eyJkeW5hbWljIjp0cnVlLCJjb250ZW50IjoicG9zdF9saW5rX3VybF9wYWdlIiwic2V0dGluZ3MiOnsicG9zdF9pZCI6Ijg5OSJ9fQ==@&#8220; box_shadow_style=&#8220;preset1&#8243; global_colors_info=&#8220;{}&#8220; background__hover_enabled=&#8220;on|hover&#8220; background_color__hover=&#8220;rgba(193,62,51,0.9)&#8220; background_enable_color__hover=&#8220;on&#8220;]<\/p>\n<p style=\"text-align: center;\">Mehr anzeigen<\/p>\n<p>[\/et_pb_text][\/et_pb_column][et_pb_column type=&#8220;3_5&#8243; _builder_version=&#8220;4.20.4&#8243; _module_preset=&#8220;default&#8220; global_colors_info=&#8220;{}&#8220;][et_pb_image src=&#8220;https:\/\/www.grill-day.com\/wp-content\/uploads\/2023\/05\/Stainless-Steel-Rotisserie-Kit-2.webp&#8220; alt=&#8220;luxuri\u00f6ses Gasgrillen&#8220; title_text=&#8220;Stainless Steel Rotisserie Kit &#8211; 2&#8243; _builder_version=&#8220;4.21.0&#8243; _module_preset=&#8220;default&#8220; hover_enabled=&#8220;0&#8243; global_colors_info=&#8220;{}&#8220; sticky_enabled=&#8220;0&#8243;][\/et_pb_image][\/et_pb_column][\/et_pb_row][et_pb_row _builder_version=&#8220;4.20.4&#8243; _module_preset=&#8220;default&#8220; custom_padding=&#8220;0px|||||&#8220; global_colors_info=&#8220;{}&#8220;][et_pb_column type=&#8220;4_4&#8243; _builder_version=&#8220;4.20.4&#8243; _dynamic_attributes=&#8220;link_option_url&#8220; _module_preset=&#8220;default&#8220; background_color=&#8220;rgba(193,62,51,0.9)&#8220; link_option_url=&#8220;@ET-DC@eyJkeW5hbWljIjp0cnVlLCJjb250ZW50IjoicG9zdF9saW5rX3VybF9wYWdlIiwic2V0dGluZ3MiOnsicG9zdF9pZCI6IjUzIn19@&#8220; box_shadow_style=&#8220;preset1&#8243; global_colors_info=&#8220;{}&#8220; background__hover_enabled=&#8220;on|desktop&#8220; background_color__hover=&#8220;#e0aa25&#8243; background_enable_color__hover=&#8220;on&#8220;][et_pb_text _builder_version=&#8220;4.20.4&#8243; _module_preset=&#8220;default&#8220; text_font=&#8220;Allerta||||||||&#8220; text_text_color=&#8220;#FFFFFF&#8220; text_font_size=&#8220;34px&#8220; text_line_height=&#8220;1.8em&#8220; custom_padding=&#8220;||||true|false&#8220; global_colors_info=&#8220;{}&#8220;]<\/p>\n<p style=\"text-align: center;\">\ud83d\ude0aKontaktieren Sie uns, um die Produktinformationen zu erhalten \ud83d\ude0a<\/p>\n<p>[\/et_pb_text][\/et_pb_column][\/et_pb_row][\/et_pb_section][et_pb_section fb_built=&#8220;1&#8243; _builder_version=&#8220;4.20.4&#8243; _module_preset=&#8220;default&#8220; background_color=&#8220;#f7f7f7&#8243; custom_padding=&#8220;4px||95px|||&#8220; global_colors_info=&#8220;{}&#8220;][et_pb_row _builder_version=&#8220;4.20.4&#8243; _module_preset=&#8220;default&#8220; global_colors_info=&#8220;{}&#8220;][et_pb_column type=&#8220;4_4&#8243; _builder_version=&#8220;4.20.4&#8243; _module_preset=&#8220;default&#8220; global_colors_info=&#8220;{}&#8220;][et_pb_text _builder_version=&#8220;4.20.4&#8243; _module_preset=&#8220;default&#8220; header_2_font=&#8220;Oswald|500|||||||&#8220; header_2_font_size=&#8220;55px&#8220; global_colors_info=&#8220;{}&#8220;]<\/p>\n<h2>Schnelle Ansicht<\/h2>\n<p>[\/et_pb_text][\/et_pb_column][\/et_pb_row][et_pb_row _builder_version=&#8220;4.20.4&#8243; _module_preset=&#8220;default&#8220; global_colors_info=&#8220;{}&#8220;][et_pb_column type=&#8220;4_4&#8243; _builder_version=&#8220;4.20.4&#8243; _module_preset=&#8220;default&#8220; global_colors_info=&#8220;{}&#8220;][et_pb_blog fullwidth=&#8220;off&#8220; posts_number=&#8220;6&#8243; include_categories=&#8220;135&#8243; excerpt_length=&#8220;0&#8243; _builder_version=&#8220;4.21.0&#8243; _module_preset=&#8220;default&#8220; global_colors_info=&#8220;{}&#8220;][\/et_pb_blog][\/et_pb_column][\/et_pb_row][\/et_pb_section]<\/p>\n","protected":false},"excerpt":{"rendered":"<p>Pelletgrills haben die Art und Weise, wie wir grillen, revolutioniert, indem sie konstante Hitze, Bequemlichkeit und au\u00dfergew\u00f6hnlichen Geschmack bieten. Entdecken Sie alle Grillzubeh\u00f6rteile von Shanghai DESE. Wir bieten nur leistungsstarke Produkte an.Pelletbeh\u00e4ltermontage f\u00fcr RaucherDer Pellet-Hopper-Assembly f\u00fcr einen Smoker ist eine Komponente, die Holzpellets in den Feuerraum des Smokers h\u00e4lt und abgibt. Die Holzpellets werden aus [&hellip;]<\/p>\n","protected":false},"author":1,"featured_media":0,"parent":0,"menu_order":0,"comment_status":"closed","ping_status":"closed","template":"","meta":{"_et_pb_use_builder":"on","_et_pb_old_content":"","_et_gb_content_width":"","wprm-recipe-roundup-name":"","wprm-recipe-roundup-description":"","cybocfi_hide_featured_image":"","footnotes":""},"class_list":["post-3549","page","type-page","status-publish","hentry"],"yoast_head":"<!-- This site is optimized with the Yoast SEO plugin v25.3.1 - https:\/\/yoast.com\/wordpress\/plugins\/seo\/ -->\n<title>Zubeh\u00f6r - Dese Grill<\/title>\n<meta name=\"robots\" content=\"index, follow, max-snippet:-1, max-image-preview:large, max-video-preview:-1\" \/>\n<link rel=\"canonical\" href=\"https:\/\/www.grill-day.com\/accessories\/\" \/>\n<meta property=\"og:locale\" content=\"de_DE\" \/>\n<meta property=\"og:type\" content=\"article\" \/>\n<meta property=\"og:title\" content=\"Zubeh\u00f6r - Dese Grill\" \/>\n<meta property=\"og:description\" content=\"Pelletgrills haben die Art und Weise, wie wir grillen, revolutioniert, indem sie konstante Hitze, Bequemlichkeit und au\u00dfergew\u00f6hnlichen Geschmack bieten. Entdecken Sie alle Grillzubeh\u00f6rteile von Shanghai DESE. Wir bieten nur leistungsstarke Produkte an.Pelletbeh\u00e4ltermontage f\u00fcr RaucherDer Pellet-Hopper-Assembly f\u00fcr einen Smoker ist eine Komponente, die Holzpellets in den Feuerraum des Smokers h\u00e4lt und abgibt. Die Holzpellets werden aus [&hellip;]\" \/>\n<meta property=\"og:url\" content=\"https:\/\/www.grill-day.com\/accessories\/\" \/>\n<meta property=\"og:site_name\" content=\"Dese Grill\" \/>\n<meta name=\"twitter:card\" content=\"summary_large_image\" \/>\n<meta name=\"twitter:label1\" content=\"Gesch\u00e4tzte Lesezeit\" \/>\n\t<meta name=\"twitter:data1\" content=\"9\u00a0Minuten\" \/>\n<script type=\"application\/ld+json\" class=\"yoast-schema-graph\">{\"@context\":\"https:\/\/schema.org\",\"@graph\":[{\"@type\":\"WebPage\",\"@id\":\"https:\/\/www.grill-day.com\/accessories\/\",\"url\":\"https:\/\/www.grill-day.com\/accessories\/\",\"name\":\"Zubeh\u00f6r - Dese Grill\",\"isPartOf\":{\"@id\":\"https:\/\/www.grill-day.com\/#website\"},\"datePublished\":\"2023-03-30T01:44:23+00:00\",\"breadcrumb\":{\"@id\":\"https:\/\/www.grill-day.com\/accessories\/#breadcrumb\"},\"inLanguage\":\"de\",\"potentialAction\":[{\"@type\":\"ReadAction\",\"target\":[\"https:\/\/www.grill-day.com\/accessories\/\"]}]},{\"@type\":\"BreadcrumbList\",\"@id\":\"https:\/\/www.grill-day.com\/accessories\/#breadcrumb\",\"itemListElement\":[{\"@type\":\"ListItem\",\"position\":1,\"name\":\"Home\",\"item\":\"https:\/\/www.grill-day.com\/\"},{\"@type\":\"ListItem\",\"position\":2,\"name\":\"Zubeh\u00f6r\"}]},{\"@type\":\"WebSite\",\"@id\":\"https:\/\/www.grill-day.com\/#website\",\"url\":\"https:\/\/www.grill-day.com\/\",\"name\":\"Dese Grill\",\"description\":\"China Professional Pellet Grill Supplier, Smoker Accessories Supplier\",\"potentialAction\":[{\"@type\":\"SearchAction\",\"target\":{\"@type\":\"EntryPoint\",\"urlTemplate\":\"https:\/\/www.grill-day.com\/?s={search_term_string}\"},\"query-input\":{\"@type\":\"PropertyValueSpecification\",\"valueRequired\":true,\"valueName\":\"search_term_string\"}}],\"inLanguage\":\"de\"}]}<\/script>\n<!-- \/ Yoast SEO plugin. -->","yoast_head_json":{"title":"Zubeh\u00f6r - Dese Grill","robots":{"index":"index","follow":"follow","max-snippet":"max-snippet:-1","max-image-preview":"max-image-preview:large","max-video-preview":"max-video-preview:-1"},"canonical":"https:\/\/www.grill-day.com\/accessories\/","og_locale":"de_DE","og_type":"article","og_title":"Zubeh\u00f6r - Dese Grill","og_description":"Pelletgrills haben die Art und Weise, wie wir grillen, revolutioniert, indem sie konstante Hitze, Bequemlichkeit und au\u00dfergew\u00f6hnlichen Geschmack bieten. Entdecken Sie alle Grillzubeh\u00f6rteile von Shanghai DESE. Wir bieten nur leistungsstarke Produkte an.Pelletbeh\u00e4ltermontage f\u00fcr RaucherDer Pellet-Hopper-Assembly f\u00fcr einen Smoker ist eine Komponente, die Holzpellets in den Feuerraum des Smokers h\u00e4lt und abgibt. Die Holzpellets werden aus [&hellip;]","og_url":"https:\/\/www.grill-day.com\/accessories\/","og_site_name":"Dese Grill","twitter_card":"summary_large_image","twitter_misc":{"Gesch\u00e4tzte Lesezeit":"9\u00a0Minuten"},"schema":{"@context":"https:\/\/schema.org","@graph":[{"@type":"WebPage","@id":"https:\/\/www.grill-day.com\/accessories\/","url":"https:\/\/www.grill-day.com\/accessories\/","name":"Zubeh\u00f6r - Dese Grill","isPartOf":{"@id":"https:\/\/www.grill-day.com\/#website"},"datePublished":"2023-03-30T01:44:23+00:00","breadcrumb":{"@id":"https:\/\/www.grill-day.com\/accessories\/#breadcrumb"},"inLanguage":"de","potentialAction":[{"@type":"ReadAction","target":["https:\/\/www.grill-day.com\/accessories\/"]}]},{"@type":"BreadcrumbList","@id":"https:\/\/www.grill-day.com\/accessories\/#breadcrumb","itemListElement":[{"@type":"ListItem","position":1,"name":"Home","item":"https:\/\/www.grill-day.com\/"},{"@type":"ListItem","position":2,"name":"Zubeh\u00f6r"}]},{"@type":"WebSite","@id":"https:\/\/www.grill-day.com\/#website","url":"https:\/\/www.grill-day.com\/","name":"Dese Grill","description":"China Professional Pellet Grill Supplier, Smoker Accessories Supplier","potentialAction":[{"@type":"SearchAction","target":{"@type":"EntryPoint","urlTemplate":"https:\/\/www.grill-day.com\/?s={search_term_string}"},"query-input":{"@type":"PropertyValueSpecification","valueRequired":true,"valueName":"search_term_string"}}],"inLanguage":"de"}]}},"_links":{"self":[{"href":"https:\/\/www.grill-day.com\/de\/wp-json\/wp\/v2\/pages\/3549","targetHints":{"allow":["GET"]}}],"collection":[{"href":"https:\/\/www.grill-day.com\/de\/wp-json\/wp\/v2\/pages"}],"about":[{"href":"https:\/\/www.grill-day.com\/de\/wp-json\/wp\/v2\/types\/page"}],"author":[{"embeddable":true,"href":"https:\/\/www.grill-day.com\/de\/wp-json\/wp\/v2\/users\/1"}],"replies":[{"embeddable":true,"href":"https:\/\/www.grill-day.com\/de\/wp-json\/wp\/v2\/comments?post=3549"}],"version-history":[{"count":0,"href":"https:\/\/www.grill-day.com\/de\/wp-json\/wp\/v2\/pages\/3549\/revisions"}],"wp:attachment":[{"href":"https:\/\/www.grill-day.com\/de\/wp-json\/wp\/v2\/media?parent=3549"}],"curies":[{"name":"wp","href":"https:\/\/api.w.org\/{rel}","templated":true}]}}