{"id":3555,"date":"2023-03-30T01:47:54","date_gmt":"2023-03-30T01:47:54","guid":{"rendered":"https:\/\/www.grill-day.com\/pizzaofen\/"},"modified":"2023-03-30T01:47:54","modified_gmt":"2023-03-30T01:47:54","slug":"pizzaofen","status":"publish","type":"page","link":"https:\/\/www.grill-day.com\/de\/pizzaofen\/","title":{"rendered":"Pizza\u00f6fen"},"content":{"rendered":"<p>[et_pb_section fb_built=&#8220;1&#8243; fullwidth=&#8220;on&#8220; admin_label=&#8220;Hero&#8220; _builder_version=&#8220;4.20.4&#8243; background_color=&#8220;#2d2d2d&#8220; use_background_color_gradient=&#8220;on&#8220; background_color_gradient_direction=&#8220;140deg&#8220; background_color_gradient_stops=&#8220;rgba(25,36,45,0.7) 0%|#19242d 100%&#8220; background_color_gradient_overlays_image=&#8220;on&#8220; background_color_gradient_start=&#8220;rgba(25,36,45,0.7)&#8220; background_color_gradient_end=&#8220;#19242d&#8220; background_image=&#8220;https:\/\/www.grill-day.com\/wp-content\/uploads\/2023\/04\/Ironwood_885_Series_Lifestyle.webp&#8220; global_colors_info=&#8220;{}&#8220;][et_pb_fullwidth_header title=&#8220;Pizzaofen&#8220; text_orientation=&#8220;center&#8220; _builder_version=&#8220;4.21.0&#8243; title_font=&#8220;Oswald|500|||||||&#8220; title_font_size=&#8220;56px&#8220; title_line_height=&#8220;1.4em&#8220; content_font=&#8220;||||||||&#8220; content_font_size=&#8220;18px&#8220; content_line_height=&#8220;2em&#8220; background_color=&#8220;rgba(0,0,0,0)&#8220; custom_button_one=&#8220;on&#8220; button_one_text_size=&#8220;16px&#8220; button_one_text_color=&#8220;#ffffff&#8220; button_one_bg_color=&#8220;#e0aa25&#8243; button_one_border_width=&#8220;8px&#8220; button_one_border_color=&#8220;rgba(0,0,0,0)&#8220; button_one_border_radius=&#8220;0px&#8220; button_one_letter_spacing=&#8220;9px&#8220; button_one_font=&#8220;Montserrat|||on|||||&#8220; button_one_use_icon=&#8220;off&#8220; button_one_custom_margin=&#8220;43px||||false|false&#8220; button_one_custom_padding=&#8220;||||false|false&#8220; custom_button_two=&#8220;on&#8220; button_two_text_size=&#8220;16px&#8220; button_two_text_color=&#8220;#ffffff&#8220; button_two_bg_color=&#8220;#e0aa25&#8243; button_two_border_width=&#8220;8px&#8220; button_two_border_color=&#8220;rgba(0,0,0,0)&#8220; button_two_border_radius=&#8220;0px&#8220; button_two_letter_spacing=&#8220;3px&#8220; button_two_font=&#8220;Montserrat|||on|||||&#8220; button_two_use_icon=&#8220;off&#8220; custom_margin=&#8220;|||&#8220; custom_padding=&#8220;||6vw||false|&#8220; hover_enabled=&#8220;0&#8243; title_font_size_tablet=&#8220;46px&#8220; title_font_size_phone=&#8220;36px&#8220; title_font_size_last_edited=&#8220;on|phone&#8220; content_font_size_tablet=&#8220;&#8220; content_font_size_phone=&#8220;15px&#8220; content_font_size_last_edited=&#8220;on|phone&#8220; button_one_border_radius_hover=&#8220;0px&#8220; button_two_border_radius_hover=&#8220;0px&#8220; button_one_letter_spacing_hover=&#8220;3px&#8220; button_two_letter_spacing_hover=&#8220;3px&#8220; button_one_bg_color_hover=&#8220;rgba(193,62,51,0.9)&#8220; button_two_bg_color_hover=&#8220;rgba(193,62,51,0.9)&#8220; global_colors_info=&#8220;{}&#8220; button_one_text_size__hover_enabled=&#8220;off&#8220; button_two_text_size__hover_enabled=&#8220;off&#8220; button_one_text_color__hover_enabled=&#8220;off&#8220; button_two_text_color__hover_enabled=&#8220;off&#8220; button_one_border_width__hover_enabled=&#8220;off&#8220; button_two_border_width__hover_enabled=&#8220;off&#8220; button_one_border_color__hover_enabled=&#8220;off&#8220; button_two_border_color__hover_enabled=&#8220;off&#8220; button_one_border_radius__hover_enabled=&#8220;on&#8220; button_one_border_radius__hover=&#8220;0px&#8220; button_two_border_radius__hover_enabled=&#8220;on&#8220; button_two_border_radius__hover=&#8220;0px&#8220; button_one_letter_spacing__hover_enabled=&#8220;off|desktop&#8220; button_one_letter_spacing__hover=&#8220;3px&#8220; button_two_letter_spacing__hover_enabled=&#8220;on&#8220; button_two_letter_spacing__hover=&#8220;3px&#8220; button_one_bg_color__hover_enabled=&#8220;on&#8220; button_one_bg_color__hover=&#8220;rgba(193,62,51,0.9)&#8220; button_two_bg_color__hover_enabled=&#8220;on&#8220; button_two_bg_color__hover=&#8220;rgba(193,62,51,0.9)&#8220; sticky_enabled=&#8220;0&#8243;]<\/p>\n<p>Unsere Pizza\u00f6fen bestehen aus hochwertigen Materialien und sind so konzipiert, dass sie hohen Temperaturen und t\u00e4glichem Gebrauch standhalten. Mit exzellenter Kochkapazit\u00e4t und der M\u00f6glichkeit, eine Reihe von Brennstoffen zu verwenden, einschlie\u00dflich Holz, Holzsp\u00e4nen, Pellets, Erdgas und LPG, sind unsere Pizza\u00f6fen perfekt f\u00fcr den Heim- oder Gewerbegebrauch.<\/p>\n<p>[\/et_pb_fullwidth_header][\/et_pb_section][et_pb_section fb_built=&#8220;1&#8243; admin_label=&#8220;Pricing&#8220; _builder_version=&#8220;4.16&#8243; background_color=&#8220;#f7f7f7&#8243; custom_padding=&#8220;70px|0px|60px|0px|false|false&#8220; animation_style=&#8220;fold&#8220; animation_direction=&#8220;top&#8220; animation_intensity_fold=&#8220;20%&#8220; global_colors_info=&#8220;{}&#8220;][et_pb_row column_structure=&#8220;2_5,3_5&#8243; _builder_version=&#8220;4.20.4&#8243; _module_preset=&#8220;default&#8220; global_colors_info=&#8220;{}&#8220;][et_pb_column type=&#8220;2_5&#8243; _builder_version=&#8220;4.20.4&#8243; _module_preset=&#8220;default&#8220; global_colors_info=&#8220;{}&#8220;][et_pb_text _builder_version=&#8220;4.20.4&#8243; _module_preset=&#8220;default&#8220; text_font_size=&#8220;17px&#8220; text_line_height=&#8220;1.8em&#8220; header_font=&#8220;Oswald|500||on|||||&#8220; header_2_font=&#8220;Oswald|500||on|||||&#8220; header_2_text_align=&#8220;center&#8220; header_2_font_size=&#8220;46px&#8220; custom_margin=&#8220;7px||||false|false&#8220; global_colors_info=&#8220;{}&#8220;]<\/p>\n<h2 style=\"text-align: left;\">Multibrennstoff-Au\u00dfenpizzaofen<\/h2>\n<p>[\/et_pb_text][et_pb_text _builder_version=&#8220;4.21.0&#8243; _module_preset=&#8220;default&#8220; text_font_size=&#8220;18px&#8220; text_line_height=&#8220;1.8em&#8220; custom_margin=&#8220;||50px|||&#8220; hover_enabled=&#8220;0&#8243; global_colors_info=&#8220;{}&#8220; sticky_enabled=&#8220;0&#8243;]<\/p>\n<p><span>Der Vorteil eines Mehrstoff-Au\u00dfenpizzaofens besteht darin, dass er Ihnen die Flexibilit\u00e4t bietet, den von Ihnen gew\u00fcnschten Brennstofftyp basierend auf Ihren Vorlieben und der Verf\u00fcgbarkeit von Brennstoff in Ihrer Region auszuw\u00e4hlen. <\/span><\/p>\n<p>[\/et_pb_text][et_pb_text _builder_version=&#8220;4.20.4&#8243; _module_preset=&#8220;default&#8220; text_font=&#8220;Montserrat|||on|||||&#8220; text_text_color=&#8220;#FFFFFF&#8220; text_font_size=&#8220;29px&#8220; text_letter_spacing=&#8220;2px&#8220; background_color=&#8220;#e0aa25&#8243; custom_padding=&#8220;11px||13px|||&#8220; link_option_url=&#8220;https:\/\/www.grill-day.com\/category\/products\/pellet-grills\/&#8220; box_shadow_style=&#8220;preset1&#8243; global_colors_info=&#8220;{}&#8220; background__hover_enabled=&#8220;on|hover&#8220; background_color__hover=&#8220;rgba(193,62,51,0.9)&#8220; background_enable_color__hover=&#8220;on&#8220;]<\/p>\n<p style=\"text-align: center;\">Mehr anzeigen<\/p>\n<p>[\/et_pb_text][\/et_pb_column][et_pb_column type=&#8220;3_5&#8243; _builder_version=&#8220;4.20.4&#8243; _module_preset=&#8220;default&#8220; global_colors_info=&#8220;{}&#8220;][et_pb_image src=&#8220;https:\/\/www.grill-day.com\/wp-content\/uploads\/2023\/05\/2023-05-18_Thumbnail_1024x.webp&#8220; alt=&#8220;Der Deckel des Grills ist ge\u00f6ffnet&#8220; title_text=&#8220;2023-05-18_Thumbnail_1024x&#8220; _builder_version=&#8220;4.21.0&#8243; _module_preset=&#8220;default&#8220; hover_enabled=&#8220;0&#8243; global_colors_info=&#8220;{}&#8220; sticky_enabled=&#8220;0&#8243; custom_margin=&#8220;12px|||||&#8220;][\/et_pb_image][et_pb_text _builder_version=&#8220;4.21.0&#8243; _module_preset=&#8220;default&#8220; hover_enabled=&#8220;0&#8243; sticky_enabled=&#8220;0&#8243; text_font_size=&#8220;14px&#8220; custom_margin=&#8220;-24px|||||&#8220; global_colors_info=&#8220;{%22gcid-b26b1e8d-55be-4f5a-aa31-faf8f8deb842%22:%91%22link_text_color%22%93}&#8220; link_text_color=&#8220;gcid-b26b1e8d-55be-4f5a-aa31-faf8f8deb842&#8243;]<\/p>\n<p style=\"text-align: center;\"><a href=\"https:\/\/ooni.com\/\"><span>Bildnachweis: Ooni<\/span><\/a><\/p>\n<p>[\/et_pb_text][\/et_pb_column][\/et_pb_row][et_pb_row _builder_version=&#8220;4.20.4&#8243; _module_preset=&#8220;default&#8220; custom_padding=&#8220;0px|||||&#8220; global_colors_info=&#8220;{}&#8220;][et_pb_column type=&#8220;4_4&#8243; _builder_version=&#8220;4.20.4&#8243; _dynamic_attributes=&#8220;link_option_url&#8220; _module_preset=&#8220;default&#8220; background_color=&#8220;rgba(193,62,51,0.9)&#8220; link_option_url=&#8220;@ET-DC@eyJkeW5hbWljIjp0cnVlLCJjb250ZW50IjoicG9zdF9saW5rX3VybF9wYWdlIiwic2V0dGluZ3MiOnsicG9zdF9pZCI6IjUzIn19@&#8220; box_shadow_style=&#8220;preset1&#8243; global_colors_info=&#8220;{}&#8220; background__hover_enabled=&#8220;on|desktop&#8220; background_color__hover=&#8220;#e0aa25&#8243; background_enable_color__hover=&#8220;on&#8220;][et_pb_text _builder_version=&#8220;4.20.4&#8243; _module_preset=&#8220;default&#8220; text_font=&#8220;Allerta||||||||&#8220; text_text_color=&#8220;#FFFFFF&#8220; text_font_size=&#8220;34px&#8220; custom_padding=&#8220;15px||15px||true|false&#8220; global_colors_info=&#8220;{}&#8220;]<\/p>\n<p style=\"text-align: center;\">\ud83d\ude0aWir \u00fcbersetzen Ihre Website in f\u00fcnf Sprachen. Kontaktieren Sie uns, um mehr zu erfahren \ud83d\ude0a<\/p>\n<p>[\/et_pb_text][\/et_pb_column][\/et_pb_row][\/et_pb_section][et_pb_section fb_built=&#8220;1&#8243; _builder_version=&#8220;4.20.4&#8243; _module_preset=&#8220;default&#8220; custom_padding=&#8220;60px||5px|||&#8220; global_colors_info=&#8220;{}&#8220;][et_pb_row column_structure=&#8220;3_5,2_5&#8243; _builder_version=&#8220;4.20.4&#8243; _module_preset=&#8220;default&#8220; global_colors_info=&#8220;{}&#8220;][et_pb_column type=&#8220;3_5&#8243; _builder_version=&#8220;4.20.4&#8243; _module_preset=&#8220;default&#8220; global_colors_info=&#8220;{}&#8220;][et_pb_image src=&#8220;https:\/\/www.grill-day.com\/wp-content\/uploads\/2023\/05\/2023-05-18_Ooni_Fyra_Lifestyle_6.webp&#8220; alt=&#8220;tragbarer Pellet-Raucher&#8220; title_text=&#8220;2023-05-18_Ooni_Fyra_Lifestyle_6&#8243; _builder_version=&#8220;4.21.0&#8243; _module_preset=&#8220;default&#8220; hover_enabled=&#8220;0&#8243; global_colors_info=&#8220;{}&#8220; sticky_enabled=&#8220;0&#8243;][\/et_pb_image][et_pb_text _builder_version=&#8220;4.21.0&#8243; _module_preset=&#8220;default&#8220; hover_enabled=&#8220;0&#8243; sticky_enabled=&#8220;0&#8243; text_font_size=&#8220;14px&#8220; custom_margin=&#8220;-24px|||||&#8220; global_colors_info=&#8220;{%22gcid-b26b1e8d-55be-4f5a-aa31-faf8f8deb842%22:%91%22link_text_color%22%93}&#8220; link_text_color=&#8220;gcid-b26b1e8d-55be-4f5a-aa31-faf8f8deb842&#8243;]<\/p>\n<p style=\"text-align: center;\"><a href=\"https:\/\/ooni.com\/\"><span>Bildnachweis: Ooni<\/span><\/a><\/p>\n<p>[\/et_pb_text][\/et_pb_column][et_pb_column type=&#8220;2_5&#8243; _builder_version=&#8220;4.20.4&#8243; _module_preset=&#8220;default&#8220; global_colors_info=&#8220;{}&#8220;][et_pb_text _builder_version=&#8220;4.20.4&#8243; _module_preset=&#8220;default&#8220; header_2_font=&#8220;Oswald|500||on|||||&#8220; header_2_font_size=&#8220;46px&#8220; global_colors_info=&#8220;{}&#8220;]<\/p>\n<h2>Pellet-Au\u00dfenpizzaofen<\/h2>\n<p>[\/et_pb_text][et_pb_text _builder_version=&#8220;4.21.0&#8243; _module_preset=&#8220;default&#8220; text_font_size=&#8220;18px&#8220; text_line_height=&#8220;1.8em&#8220; custom_margin=&#8220;||136px|||&#8220; global_colors_info=&#8220;{}&#8220;]<\/p>\n<p>Pellet-Au\u00dfenpizza\u00f6fen sind in verschiedenen Gr\u00f6\u00dfen und Stilen erh\u00e4ltlich, von tragbaren Modellen, die leicht bewegt werden k\u00f6nnen, bis hin zu gr\u00f6\u00dferen, dauerhafteren Installationen.<\/p>\n<p>[\/et_pb_text][et_pb_text _builder_version=&#8220;4.20.4&#8243; _dynamic_attributes=&#8220;link_option_url&#8220; _module_preset=&#8220;default&#8220; text_font=&#8220;Montserrat|||on|||||&#8220; text_text_color=&#8220;#FFFFFF&#8220; text_font_size=&#8220;29px&#8220; text_letter_spacing=&#8220;2px&#8220; background_color=&#8220;#e0aa25&#8243; custom_padding=&#8220;11px||13px|||&#8220; link_option_url=&#8220;@ET-DC@eyJkeW5hbWljIjp0cnVlLCJjb250ZW50IjoicG9zdF9saW5rX3VybF9wYWdlIiwic2V0dGluZ3MiOnsicG9zdF9pZCI6Ijg5OSJ9fQ==@&#8220; box_shadow_style=&#8220;preset1&#8243; global_colors_info=&#8220;{}&#8220; background__hover_enabled=&#8220;on|hover&#8220; background_color__hover=&#8220;rgba(193,62,51,0.9)&#8220; background_enable_color__hover=&#8220;on&#8220;]<\/p>\n<p style=\"text-align: center;\">Mehr anzeigen<\/p>\n<p>[\/et_pb_text][\/et_pb_column][\/et_pb_row][et_pb_row _builder_version=&#8220;4.20.4&#8243; _module_preset=&#8220;default&#8220; custom_padding=&#8220;0px|||||&#8220; global_colors_info=&#8220;{}&#8220;][et_pb_column type=&#8220;4_4&#8243; _builder_version=&#8220;4.20.4&#8243; _dynamic_attributes=&#8220;link_option_url&#8220; _module_preset=&#8220;default&#8220; background_color=&#8220;rgba(193,62,51,0.9)&#8220; link_option_url=&#8220;@ET-DC@eyJkeW5hbWljIjp0cnVlLCJjb250ZW50IjoicG9zdF9saW5rX3VybF9wYWdlIiwic2V0dGluZ3MiOnsicG9zdF9pZCI6IjUzIn19@&#8220; box_shadow_style=&#8220;preset1&#8243; global_colors_info=&#8220;{}&#8220; background__hover_enabled=&#8220;on|desktop&#8220; background_color__hover=&#8220;#e0aa25&#8243; background_enable_color__hover=&#8220;on&#8220;][et_pb_text _builder_version=&#8220;4.20.4&#8243; _module_preset=&#8220;default&#8220; text_font=&#8220;Allerta||||||||&#8220; text_text_color=&#8220;#FFFFFF&#8220; text_font_size=&#8220;34px&#8220; text_line_height=&#8220;1.8em&#8220; custom_padding=&#8220;||||true|false&#8220; global_colors_info=&#8220;{}&#8220;]<\/p>\n<p style=\"text-align: center;\">\ud83d\ude0aKontaktieren Sie uns, um den Produktkatalog zu erhalten \ud83d\ude0a<\/p>\n<p>[\/et_pb_text][\/et_pb_column][\/et_pb_row][\/et_pb_section][et_pb_section fb_built=&#8220;1&#8243; _builder_version=&#8220;4.20.4&#8243; _module_preset=&#8220;default&#8220; custom_padding=&#8220;||5px|||&#8220; global_colors_info=&#8220;{}&#8220;][et_pb_row column_structure=&#8220;2_5,3_5&#8243; _builder_version=&#8220;4.20.4&#8243; _module_preset=&#8220;default&#8220; global_colors_info=&#8220;{}&#8220;][et_pb_column type=&#8220;2_5&#8243; _builder_version=&#8220;4.20.4&#8243; _module_preset=&#8220;default&#8220; global_colors_info=&#8220;{}&#8220;][et_pb_text _builder_version=&#8220;4.20.4&#8243; _module_preset=&#8220;default&#8220; header_2_font=&#8220;Oswald|500||on|||||&#8220; header_2_font_size=&#8220;46px&#8220; global_colors_info=&#8220;{}&#8220;]<\/p>\n<h2>Gasbetriebener Au\u00dfenpizzaofen<\/h2>\n<p>[\/et_pb_text][et_pb_text _builder_version=&#8220;4.21.0&#8243; _module_preset=&#8220;default&#8220; text_font_size=&#8220;18px&#8220; text_line_height=&#8220;1.8em&#8220; custom_margin=&#8220;||191px|||&#8220; hover_enabled=&#8220;0&#8243; global_colors_info=&#8220;{}&#8220; sticky_enabled=&#8220;0&#8243;]<\/p>\n<p><span>Gas\u00f6fen sind eine beliebte Wahl f\u00fcr das Kochen im Freien, da sie sauber brennen, einfach zu bedienen sind und eine ausgezeichnete Temperaturkontrolle bieten.<\/span><\/p>\n<p>[\/et_pb_text][et_pb_text _builder_version=&#8220;4.20.4&#8243; _dynamic_attributes=&#8220;link_option_url&#8220; _module_preset=&#8220;default&#8220; text_font=&#8220;Montserrat|||on|||||&#8220; text_text_color=&#8220;#FFFFFF&#8220; text_font_size=&#8220;29px&#8220; text_letter_spacing=&#8220;2px&#8220; background_color=&#8220;#e0aa25&#8243; custom_padding=&#8220;11px||13px|||&#8220; link_option_url=&#8220;@ET-DC@eyJkeW5hbWljIjp0cnVlLCJjb250ZW50IjoicG9zdF9saW5rX3VybF9wYWdlIiwic2V0dGluZ3MiOnsicG9zdF9pZCI6Ijg5OSJ9fQ==@&#8220; box_shadow_style=&#8220;preset1&#8243; global_colors_info=&#8220;{}&#8220; background__hover_enabled=&#8220;on|hover&#8220; background_color__hover=&#8220;rgba(193,62,51,0.9)&#8220; background_enable_color__hover=&#8220;on&#8220;]<\/p>\n<p style=\"text-align: center;\">Mehr anzeigen<\/p>\n<p>[\/et_pb_text][\/et_pb_column][et_pb_column type=&#8220;3_5&#8243; _builder_version=&#8220;4.20.4&#8243; _module_preset=&#8220;default&#8220; global_colors_info=&#8220;{}&#8220;][et_pb_image src=&#8220;https:\/\/www.grill-day.com\/wp-content\/uploads\/2023\/05\/2023-05-18_GrandeFlamePic6-scaled.webp&#8220; alt=&#8220;luxuri\u00f6ses Gasgrillen&#8220; title_text=&#8220;2023-05-18_GrandeFlamePic6&#8243; _builder_version=&#8220;4.21.0&#8243; _module_preset=&#8220;default&#8220; hover_enabled=&#8220;0&#8243; global_colors_info=&#8220;{}&#8220; sticky_enabled=&#8220;0&#8243;][\/et_pb_image][\/et_pb_column][\/et_pb_row][et_pb_row _builder_version=&#8220;4.20.4&#8243; _module_preset=&#8220;default&#8220; custom_padding=&#8220;0px|||||&#8220; global_colors_info=&#8220;{}&#8220;][et_pb_column type=&#8220;4_4&#8243; _builder_version=&#8220;4.20.4&#8243; _dynamic_attributes=&#8220;link_option_url&#8220; _module_preset=&#8220;default&#8220; background_color=&#8220;rgba(193,62,51,0.9)&#8220; link_option_url=&#8220;@ET-DC@eyJkeW5hbWljIjp0cnVlLCJjb250ZW50IjoicG9zdF9saW5rX3VybF9wYWdlIiwic2V0dGluZ3MiOnsicG9zdF9pZCI6IjUzIn19@&#8220; box_shadow_style=&#8220;preset1&#8243; global_colors_info=&#8220;{}&#8220; background__hover_enabled=&#8220;on|desktop&#8220; background_color__hover=&#8220;#e0aa25&#8243; background_enable_color__hover=&#8220;on&#8220;][et_pb_text _builder_version=&#8220;4.20.4&#8243; _module_preset=&#8220;default&#8220; text_font=&#8220;Allerta||||||||&#8220; text_text_color=&#8220;#FFFFFF&#8220; text_font_size=&#8220;34px&#8220; text_line_height=&#8220;1.8em&#8220; custom_padding=&#8220;||||true|false&#8220; global_colors_info=&#8220;{}&#8220;]<\/p>\n<p style=\"text-align: center;\">\ud83d\ude0aKontaktieren Sie uns, um die Produktinformationen zu erhalten \ud83d\ude0a<\/p>\n<p>[\/et_pb_text][\/et_pb_column][\/et_pb_row][\/et_pb_section][et_pb_section fb_built=&#8220;1&#8243; _builder_version=&#8220;4.20.4&#8243; _module_preset=&#8220;default&#8220; background_color=&#8220;#f7f7f7&#8243; custom_padding=&#8220;4px||95px|||&#8220; global_colors_info=&#8220;{}&#8220;][et_pb_row _builder_version=&#8220;4.20.4&#8243; _module_preset=&#8220;default&#8220; global_colors_info=&#8220;{}&#8220;][et_pb_column type=&#8220;4_4&#8243; _builder_version=&#8220;4.20.4&#8243; _module_preset=&#8220;default&#8220; global_colors_info=&#8220;{}&#8220;][et_pb_text _builder_version=&#8220;4.20.4&#8243; _module_preset=&#8220;default&#8220; header_2_font=&#8220;Oswald|500|||||||&#8220; header_2_font_size=&#8220;55px&#8220; global_colors_info=&#8220;{}&#8220;]<\/p>\n<h2>Schnelle Ansicht<\/h2>\n<p>[\/et_pb_text][\/et_pb_column][\/et_pb_row][et_pb_row _builder_version=&#8220;4.20.4&#8243; _module_preset=&#8220;default&#8220; global_colors_info=&#8220;{}&#8220;][et_pb_column type=&#8220;4_4&#8243; _builder_version=&#8220;4.20.4&#8243; _module_preset=&#8220;default&#8220; hover_enabled=&#8220;0&#8243; global_colors_info=&#8220;{}&#8220; sticky_enabled=&#8220;0&#8243;][et_pb_blog fullwidth=&#8220;off&#8220; posts_number=&#8220;6&#8243; include_categories=&#8220;34&#8243; excerpt_length=&#8220;0&#8243; _builder_version=&#8220;4.21.0&#8243; _module_preset=&#8220;default&#8220; hover_enabled=&#8220;0&#8243; global_colors_info=&#8220;{}&#8220; sticky_enabled=&#8220;0&#8243;][\/et_pb_blog][\/et_pb_column][\/et_pb_row][\/et_pb_section]<\/p>\n","protected":false},"excerpt":{"rendered":"<p>Unsere Pizza\u00f6fen bestehen aus hochwertigen Materialien und sind so konzipiert, dass sie hohen Temperaturen und t\u00e4glichem Gebrauch standhalten. Mit exzellenter Kochkapazit\u00e4t und der M\u00f6glichkeit, eine Reihe von Brennstoffen zu verwenden, einschlie\u00dflich Holz, Holzsp\u00e4nen, Pellets, Erdgas und LPG, sind unsere Pizza\u00f6fen perfekt f\u00fcr den Heim- oder Gewerbegebrauch.Multibrennstoff-Au\u00dfenpizzaofenDer Vorteil eines Mehrstoff-Au\u00dfenpizzaofens besteht darin, dass er Ihnen die [&hellip;]<\/p>\n","protected":false},"author":1,"featured_media":0,"parent":0,"menu_order":0,"comment_status":"closed","ping_status":"closed","template":"","meta":{"_et_pb_use_builder":"on","_et_pb_old_content":"","_et_gb_content_width":"","wprm-recipe-roundup-name":"","wprm-recipe-roundup-description":"","cybocfi_hide_featured_image":"","footnotes":""},"class_list":["post-3555","page","type-page","status-publish","hentry"],"yoast_head":"<!-- This site is optimized with the Yoast SEO plugin v25.3.1 - https:\/\/yoast.com\/wordpress\/plugins\/seo\/ -->\n<title>Pizza\u00f6fen - Dese Grill<\/title>\n<meta name=\"robots\" content=\"index, follow, max-snippet:-1, max-image-preview:large, max-video-preview:-1\" \/>\n<link rel=\"canonical\" href=\"https:\/\/www.grill-day.com\/pizza-ovens\/\" \/>\n<meta property=\"og:locale\" content=\"de_DE\" \/>\n<meta property=\"og:type\" content=\"article\" \/>\n<meta property=\"og:title\" content=\"Pizza\u00f6fen - Dese Grill\" \/>\n<meta property=\"og:description\" content=\"Unsere Pizza\u00f6fen bestehen aus hochwertigen Materialien und sind so konzipiert, dass sie hohen Temperaturen und t\u00e4glichem Gebrauch standhalten. Mit exzellenter Kochkapazit\u00e4t und der M\u00f6glichkeit, eine Reihe von Brennstoffen zu verwenden, einschlie\u00dflich Holz, Holzsp\u00e4nen, Pellets, Erdgas und LPG, sind unsere Pizza\u00f6fen perfekt f\u00fcr den Heim- oder Gewerbegebrauch.Multibrennstoff-Au\u00dfenpizzaofenDer Vorteil eines Mehrstoff-Au\u00dfenpizzaofens besteht darin, dass er Ihnen die [&hellip;]\" \/>\n<meta property=\"og:url\" content=\"https:\/\/www.grill-day.com\/pizza-ovens\/\" \/>\n<meta property=\"og:site_name\" content=\"Dese Grill\" \/>\n<meta name=\"twitter:card\" content=\"summary_large_image\" \/>\n<meta name=\"twitter:label1\" content=\"Gesch\u00e4tzte Lesezeit\" \/>\n\t<meta name=\"twitter:data1\" content=\"10\u00a0Minuten\" \/>\n<script type=\"application\/ld+json\" class=\"yoast-schema-graph\">{\"@context\":\"https:\/\/schema.org\",\"@graph\":[{\"@type\":\"WebPage\",\"@id\":\"https:\/\/www.grill-day.com\/pizza-ovens\/\",\"url\":\"https:\/\/www.grill-day.com\/pizza-ovens\/\",\"name\":\"Pizza\u00f6fen - Dese Grill\",\"isPartOf\":{\"@id\":\"https:\/\/www.grill-day.com\/#website\"},\"datePublished\":\"2023-03-30T01:47:54+00:00\",\"breadcrumb\":{\"@id\":\"https:\/\/www.grill-day.com\/pizza-ovens\/#breadcrumb\"},\"inLanguage\":\"de\",\"potentialAction\":[{\"@type\":\"ReadAction\",\"target\":[\"https:\/\/www.grill-day.com\/pizza-ovens\/\"]}]},{\"@type\":\"BreadcrumbList\",\"@id\":\"https:\/\/www.grill-day.com\/pizza-ovens\/#breadcrumb\",\"itemListElement\":[{\"@type\":\"ListItem\",\"position\":1,\"name\":\"Home\",\"item\":\"https:\/\/www.grill-day.com\/\"},{\"@type\":\"ListItem\",\"position\":2,\"name\":\"Pizza\u00f6fen\"}]},{\"@type\":\"WebSite\",\"@id\":\"https:\/\/www.grill-day.com\/#website\",\"url\":\"https:\/\/www.grill-day.com\/\",\"name\":\"Dese Grill\",\"description\":\"China Professional Pellet Grill Supplier, Smoker Accessories Supplier\",\"potentialAction\":[{\"@type\":\"SearchAction\",\"target\":{\"@type\":\"EntryPoint\",\"urlTemplate\":\"https:\/\/www.grill-day.com\/?s={search_term_string}\"},\"query-input\":{\"@type\":\"PropertyValueSpecification\",\"valueRequired\":true,\"valueName\":\"search_term_string\"}}],\"inLanguage\":\"de\"}]}<\/script>\n<!-- \/ Yoast SEO plugin. -->","yoast_head_json":{"title":"Pizza\u00f6fen - Dese Grill","robots":{"index":"index","follow":"follow","max-snippet":"max-snippet:-1","max-image-preview":"max-image-preview:large","max-video-preview":"max-video-preview:-1"},"canonical":"https:\/\/www.grill-day.com\/pizza-ovens\/","og_locale":"de_DE","og_type":"article","og_title":"Pizza\u00f6fen - Dese Grill","og_description":"Unsere Pizza\u00f6fen bestehen aus hochwertigen Materialien und sind so konzipiert, dass sie hohen Temperaturen und t\u00e4glichem Gebrauch standhalten. Mit exzellenter Kochkapazit\u00e4t und der M\u00f6glichkeit, eine Reihe von Brennstoffen zu verwenden, einschlie\u00dflich Holz, Holzsp\u00e4nen, Pellets, Erdgas und LPG, sind unsere Pizza\u00f6fen perfekt f\u00fcr den Heim- oder Gewerbegebrauch.Multibrennstoff-Au\u00dfenpizzaofenDer Vorteil eines Mehrstoff-Au\u00dfenpizzaofens besteht darin, dass er Ihnen die [&hellip;]","og_url":"https:\/\/www.grill-day.com\/pizza-ovens\/","og_site_name":"Dese Grill","twitter_card":"summary_large_image","twitter_misc":{"Gesch\u00e4tzte Lesezeit":"10\u00a0Minuten"},"schema":{"@context":"https:\/\/schema.org","@graph":[{"@type":"WebPage","@id":"https:\/\/www.grill-day.com\/pizza-ovens\/","url":"https:\/\/www.grill-day.com\/pizza-ovens\/","name":"Pizza\u00f6fen - Dese Grill","isPartOf":{"@id":"https:\/\/www.grill-day.com\/#website"},"datePublished":"2023-03-30T01:47:54+00:00","breadcrumb":{"@id":"https:\/\/www.grill-day.com\/pizza-ovens\/#breadcrumb"},"inLanguage":"de","potentialAction":[{"@type":"ReadAction","target":["https:\/\/www.grill-day.com\/pizza-ovens\/"]}]},{"@type":"BreadcrumbList","@id":"https:\/\/www.grill-day.com\/pizza-ovens\/#breadcrumb","itemListElement":[{"@type":"ListItem","position":1,"name":"Home","item":"https:\/\/www.grill-day.com\/"},{"@type":"ListItem","position":2,"name":"Pizza\u00f6fen"}]},{"@type":"WebSite","@id":"https:\/\/www.grill-day.com\/#website","url":"https:\/\/www.grill-day.com\/","name":"Dese Grill","description":"China Professional Pellet Grill Supplier, Smoker Accessories Supplier","potentialAction":[{"@type":"SearchAction","target":{"@type":"EntryPoint","urlTemplate":"https:\/\/www.grill-day.com\/?s={search_term_string}"},"query-input":{"@type":"PropertyValueSpecification","valueRequired":true,"valueName":"search_term_string"}}],"inLanguage":"de"}]}},"_links":{"self":[{"href":"https:\/\/www.grill-day.com\/de\/wp-json\/wp\/v2\/pages\/3555","targetHints":{"allow":["GET"]}}],"collection":[{"href":"https:\/\/www.grill-day.com\/de\/wp-json\/wp\/v2\/pages"}],"about":[{"href":"https:\/\/www.grill-day.com\/de\/wp-json\/wp\/v2\/types\/page"}],"author":[{"embeddable":true,"href":"https:\/\/www.grill-day.com\/de\/wp-json\/wp\/v2\/users\/1"}],"replies":[{"embeddable":true,"href":"https:\/\/www.grill-day.com\/de\/wp-json\/wp\/v2\/comments?post=3555"}],"version-history":[{"count":0,"href":"https:\/\/www.grill-day.com\/de\/wp-json\/wp\/v2\/pages\/3555\/revisions"}],"wp:attachment":[{"href":"https:\/\/www.grill-day.com\/de\/wp-json\/wp\/v2\/media?parent=3555"}],"curies":[{"name":"wp","href":"https:\/\/api.w.org\/{rel}","templated":true}]}}