{"id":3551,"date":"2023-03-30T01:44:23","date_gmt":"2023-03-30T01:44:23","guid":{"rendered":"https:\/\/www.grill-day.com\/accesorios\/"},"modified":"2023-03-30T01:44:23","modified_gmt":"2023-03-30T01:44:23","slug":"accesorios","status":"publish","type":"page","link":"https:\/\/www.grill-day.com\/es\/accesorios\/","title":{"rendered":"Accesorios"},"content":{"rendered":"<p>[et_pb_section fb_built=\u00bb1&#8243; fullwidth=\u00bbon\u00bb admin_label=\u00bbHero\u00bb _builder_version=\u00bb4.21.0&#8243; background_color=\u00bb#2d2d2d\u00bb use_background_color_gradient=\u00bbon\u00bb background_color_gradient_direction=\u00bb140deg\u00bb background_color_gradient_stops=\u00bbrgba(25,36,45,0.7) 0%|#19242d 100%\u00bb background_color_gradient_overlays_image=\u00bbon\u00bb background_color_gradient_start=\u00bbrgba(25,36,45,0.7)\u00bb background_color_gradient_end=\u00bb#19242d\u00bb background_image=\u00bbhttps:\/\/www.grill-day.com\/wp-content\/uploads\/2023\/05\/2023-05-16_Accessories-General-Background-Mobile-Traeger-Wood-Pellet-Grills.webp\u00bb global_colors_info=\u00bb{}\u00bb][et_pb_fullwidth_header title=\u00bbAccesorios para parrilla\u00bb text_orientation=\u00bbcenter\u00bb _builder_version=\u00bb4.21.0&#8243; title_font=\u00bbOswald|500|||||||\u00bb title_font_size=\u00bb56px\u00bb title_line_height=\u00bb1.4em\u00bb content_font=\u00bb||||||||\u00bb content_font_size=\u00bb18px\u00bb content_line_height=\u00bb2em\u00bb background_color=\u00bbrgba(0,0,0,0)\u00bb custom_button_one=\u00bbon\u00bb button_one_text_size=\u00bb16px\u00bb button_one_text_color=\u00bb#ffffff\u00bb button_one_bg_color=\u00bb#e0aa25&#8243; button_one_border_width=\u00bb8px\u00bb button_one_border_color=\u00bbrgba(0,0,0,0)\u00bb button_one_border_radius=\u00bb0px\u00bb button_one_letter_spacing=\u00bb9px\u00bb button_one_font=\u00bbMontserrat|||on|||||\u00bb button_one_use_icon=\u00bboff\u00bb button_one_custom_margin=\u00bb43px||||false|false\u00bb button_one_custom_padding=\u00bb||||false|false\u00bb custom_button_two=\u00bbon\u00bb button_two_text_size=\u00bb16px\u00bb button_two_text_color=\u00bb#ffffff\u00bb button_two_bg_color=\u00bb#e0aa25&#8243; button_two_border_width=\u00bb8px\u00bb button_two_border_color=\u00bbrgba(0,0,0,0)\u00bb button_two_border_radius=\u00bb0px\u00bb button_two_letter_spacing=\u00bb3px\u00bb button_two_font=\u00bbMontserrat|||on|||||\u00bb button_two_use_icon=\u00bboff\u00bb custom_margin=\u00bb|||\u00bb custom_padding=\u00bb||6vw||false|\u00bb title_font_size_tablet=\u00bb46px\u00bb title_font_size_phone=\u00bb36px\u00bb title_font_size_last_edited=\u00bbon|phone\u00bb content_font_size_tablet=\u00bb\u00bb content_font_size_phone=\u00bb15px\u00bb content_font_size_last_edited=\u00bbon|phone\u00bb button_one_border_radius_hover=\u00bb0px\u00bb button_two_border_radius_hover=\u00bb0px\u00bb button_one_letter_spacing_hover=\u00bb3px\u00bb button_two_letter_spacing_hover=\u00bb3px\u00bb button_one_bg_color_hover=\u00bbrgba(193,62,51,0.9)\u00bb button_two_bg_color_hover=\u00bbrgba(193,62,51,0.9)\u00bb global_colors_info=\u00bb{}\u00bb button_one_text_size__hover_enabled=\u00bboff\u00bb button_two_text_size__hover_enabled=\u00bboff\u00bb button_one_text_color__hover_enabled=\u00bboff\u00bb button_two_text_color__hover_enabled=\u00bboff\u00bb button_one_border_width__hover_enabled=\u00bboff\u00bb button_two_border_width__hover_enabled=\u00bboff\u00bb button_one_border_color__hover_enabled=\u00bboff\u00bb button_two_border_color__hover_enabled=\u00bboff\u00bb button_one_border_radius__hover_enabled=\u00bbon\u00bb button_one_border_radius__hover=\u00bb0px\u00bb button_two_border_radius__hover_enabled=\u00bbon\u00bb button_two_border_radius__hover=\u00bb0px\u00bb button_one_letter_spacing__hover_enabled=\u00bboff|desktop\u00bb button_one_letter_spacing__hover=\u00bb3px\u00bb button_two_letter_spacing__hover_enabled=\u00bbon\u00bb button_two_letter_spacing__hover=\u00bb3px\u00bb button_one_bg_color__hover_enabled=\u00bbon\u00bb button_one_bg_color__hover=\u00bbrgba(193,62,51,0.9)\u00bb button_two_bg_color__hover_enabled=\u00bbon\u00bb button_two_bg_color__hover=\u00bbrgba(193,62,51,0.9)\u00bb]<\/p>\n<p>Las parrillas de pellets han revolucionado la forma en que hacemos barbacoas, proporcionando calor constante, comodidad y un sabor excepcional. Descubre todos los accesorios para parrillas proporcionados por Shanghai DESE. Solo ofrecemos productos de alto rendimiento.<\/p>\n<p>[\/et_pb_fullwidth_header][\/et_pb_section][et_pb_section fb_built=\u00bb1&#8243; admin_label=\u00bbPricing\u00bb _builder_version=\u00bb4.16&#8243; background_color=\u00bb#f7f7f7&#8243; custom_padding=\u00bb70px|0px|60px|0px|false|false\u00bb animation_style=\u00bbfold\u00bb animation_direction=\u00bbtop\u00bb animation_intensity_fold=\u00bb20%\u00bb global_colors_info=\u00bb{}\u00bb][et_pb_row column_structure=\u00bb2_5,3_5&#8243; _builder_version=\u00bb4.20.4&#8243; _module_preset=\u00bbdefault\u00bb global_colors_info=\u00bb{}\u00bb][et_pb_column type=\u00bb2_5&#8243; _builder_version=\u00bb4.20.4&#8243; _module_preset=\u00bbdefault\u00bb global_colors_info=\u00bb{}\u00bb][et_pb_text _builder_version=\u00bb4.21.0&#8243; _module_preset=\u00bbdefault\u00bb text_font_size=\u00bb17px\u00bb text_line_height=\u00bb1.8em\u00bb header_font=\u00bbOswald|500||on|||||\u00bb header_2_font=\u00bbOswald|500||on|||||\u00bb header_2_text_align=\u00bbcenter\u00bb header_2_font_size=\u00bb46px\u00bb custom_margin=\u00bb7px||||false|false\u00bb hover_enabled=\u00bb0&#8243; global_colors_info=\u00bb{}\u00bb sticky_enabled=\u00bb0&#8243;]<\/p>\n<h2 style=\"text-align: left;\">Montaje de tolva de pellets para ahumador<\/h2>\n<p>[\/et_pb_text][et_pb_text _builder_version=\u00bb4.21.0&#8243; _module_preset=\u00bbdefault\u00bb text_font_size=\u00bb18px\u00bb text_line_height=\u00bb1.8em\u00bb custom_margin=\u00bb||162px|||\u00bb hover_enabled=\u00bb0&#8243; global_colors_info=\u00bb{}\u00bb sticky_enabled=\u00bb0&#8243;]<\/p>\n<p>El conjunto de la tolva de pellets para una parrilla es un componente que sostiene y dispensa pellets de madera en la caja de fuego de la parrilla. Los pellets de madera est\u00e1n hechos de serr\u00edn comprimido y son una fuente de combustible popular entre los fumadores porque arden de manera limpia y eficiente, produciendo una temperatura constante y sabor a humo.<\/p>\n<p>[\/et_pb_text][et_pb_text _builder_version=\u00bb4.20.4&#8243; _module_preset=\u00bbdefault\u00bb text_font=\u00bbMontserrat|||on|||||\u00bb text_text_color=\u00bb#FFFFFF\u00bb text_font_size=\u00bb29px\u00bb text_letter_spacing=\u00bb2px\u00bb background_color=\u00bb#e0aa25&#8243; custom_padding=\u00bb11px||13px|||\u00bb link_option_url=\u00bbhttps:\/\/www.grill-day.com\/category\/products\/pellet-grills\/\u00bb box_shadow_style=\u00bbpreset1&#8243; global_colors_info=\u00bb{}\u00bb background__hover_enabled=\u00bbon|hover\u00bb background_color__hover=\u00bbrgba(193,62,51,0.9)\u00bb background_enable_color__hover=\u00bbon\u00bb]<\/p>\n<p style=\"text-align: center;\">Ver m\u00e1s<\/p>\n<p>[\/et_pb_text][\/et_pb_column][et_pb_column type=\u00bb3_5&#8243; _builder_version=\u00bb4.20.4&#8243; _module_preset=\u00bbdefault\u00bb global_colors_info=\u00bb{}\u00bb][et_pb_image src=\u00bbhttps:\/\/www.grill-day.com\/wp-content\/uploads\/2023\/05\/2023-05-16_Pellet-Hopper-Replacement-29.webp\u00bb alt=\u00bbLa tapa de la parrilla est\u00e1 abierta\u00bb title_text=\u00bb2023-05-16_Pellet Hopper Replacement &#8211; 29&#8243; _builder_version=\u00bb4.21.0&#8243; _module_preset=\u00bbdefault\u00bb hover_enabled=\u00bb0&#8243; global_colors_info=\u00bb{}\u00bb sticky_enabled=\u00bb0&#8243;][\/et_pb_image][\/et_pb_column][\/et_pb_row][et_pb_row _builder_version=\u00bb4.20.4&#8243; _module_preset=\u00bbdefault\u00bb custom_padding=\u00bb0px|||||\u00bb global_colors_info=\u00bb{}\u00bb][et_pb_column type=\u00bb4_4&#8243; _builder_version=\u00bb4.20.4&#8243; _dynamic_attributes=\u00bblink_option_url\u00bb _module_preset=\u00bbdefault\u00bb background_color=\u00bbrgba(193,62,51,0.9)\u00bb link_option_url=\u00bb@ET-DC@eyJkeW5hbWljIjp0cnVlLCJjb250ZW50IjoicG9zdF9saW5rX3VybF9wYWdlIiwic2V0dGluZ3MiOnsicG9zdF9pZCI6IjUzIn19@\u00bb box_shadow_style=\u00bbpreset1&#8243; global_colors_info=\u00bb{}\u00bb background__hover_enabled=\u00bbon|desktop\u00bb background_color__hover=\u00bb#e0aa25&#8243; background_enable_color__hover=\u00bbon\u00bb][et_pb_text _builder_version=\u00bb4.20.4&#8243; _module_preset=\u00bbdefault\u00bb text_font=\u00bbAllerta||||||||\u00bb text_text_color=\u00bb#FFFFFF\u00bb text_font_size=\u00bb34px\u00bb custom_padding=\u00bb15px||15px||true|false\u00bb global_colors_info=\u00bb{}\u00bb]<\/p>\n<p style=\"text-align: center;\">\ud83d\ude0aTraducimos su sitio web a cinco idiomas. Cont\u00e1ctenos para obtener m\u00e1s informaci\u00f3n \ud83d\ude0a<\/p>\n<p>[\/et_pb_text][\/et_pb_column][\/et_pb_row][\/et_pb_section][et_pb_section fb_built=\u00bb1&#8243; _builder_version=\u00bb4.20.4&#8243; _module_preset=\u00bbdefault\u00bb custom_padding=\u00bb60px||5px|||\u00bb global_colors_info=\u00bb{}\u00bb][et_pb_row column_structure=\u00bb3_5,2_5&#8243; _builder_version=\u00bb4.20.4&#8243; _module_preset=\u00bbdefault\u00bb global_colors_info=\u00bb{}\u00bb][et_pb_column type=\u00bb3_5&#8243; _builder_version=\u00bb4.20.4&#8243; _module_preset=\u00bbdefault\u00bb global_colors_info=\u00bb{}\u00bb][et_pb_image src=\u00bbhttps:\/\/www.grill-day.com\/wp-content\/uploads\/2023\/05\/2023-05-16_001-1.webp\u00bb alt=\u00bbahumador port\u00e1til de pellets\u00bb title_text=\u00bbpellet grill controller\u00bb _builder_version=\u00bb4.21.0&#8243; _module_preset=\u00bbdefault\u00bb hover_enabled=\u00bb0&#8243; global_colors_info=\u00bb{}\u00bb sticky_enabled=\u00bb0&#8243;][\/et_pb_image][\/et_pb_column][et_pb_column type=\u00bb2_5&#8243; _builder_version=\u00bb4.20.4&#8243; _module_preset=\u00bbdefault\u00bb global_colors_info=\u00bb{}\u00bb][et_pb_text _builder_version=\u00bb4.21.0&#8243; _module_preset=\u00bbdefault\u00bb header_2_font=\u00bbOswald|500||on|||||\u00bb header_2_font_size=\u00bb46px\u00bb hover_enabled=\u00bb0&#8243; global_colors_info=\u00bb{}\u00bb sticky_enabled=\u00bb0&#8243;]<\/p>\n<h2>Controlador de parrilla de pellets<\/h2>\n<p>[\/et_pb_text][et_pb_text _builder_version=\u00bb4.21.0&#8243; _module_preset=\u00bbdefault\u00bb text_font_size=\u00bb18px\u00bb text_line_height=\u00bb1.8em\u00bb custom_margin=\u00bb||24px|||\u00bb hover_enabled=\u00bb0&#8243; global_colors_info=\u00bb{}\u00bb sticky_enabled=\u00bb0&#8243;]<\/p>\n<p>Un controlador de parrilla de pellets es un dispositivo hecho de materiales duraderos como acero recubierto de polvo y acero inoxidable que regula la temperatura y otras configuraciones de una parrilla de pellets utilizando tecnolog\u00eda digital como un controlador PID. Ofrece funciones como conectividad WiFi o Bluetooth, sondas de carne y temporizadores para hacer que la parrilla con pellets sea m\u00e1s precisa y conveniente.<\/p>\n<p>[\/et_pb_text][et_pb_text _builder_version=\u00bb4.20.4&#8243; _dynamic_attributes=\u00bblink_option_url\u00bb _module_preset=\u00bbdefault\u00bb text_font=\u00bbMontserrat|||on|||||\u00bb text_text_color=\u00bb#FFFFFF\u00bb text_font_size=\u00bb29px\u00bb text_letter_spacing=\u00bb2px\u00bb background_color=\u00bb#e0aa25&#8243; custom_padding=\u00bb11px||13px|||\u00bb link_option_url=\u00bb@ET-DC@eyJkeW5hbWljIjp0cnVlLCJjb250ZW50IjoicG9zdF9saW5rX3VybF9wYWdlIiwic2V0dGluZ3MiOnsicG9zdF9pZCI6Ijg5OSJ9fQ==@\u00bb box_shadow_style=\u00bbpreset1&#8243; global_colors_info=\u00bb{}\u00bb background__hover_enabled=\u00bbon|hover\u00bb background_color__hover=\u00bbrgba(193,62,51,0.9)\u00bb background_enable_color__hover=\u00bbon\u00bb]<\/p>\n<p style=\"text-align: center;\">Ver m\u00e1s<\/p>\n<p>[\/et_pb_text][\/et_pb_column][\/et_pb_row][et_pb_row _builder_version=\u00bb4.20.4&#8243; _module_preset=\u00bbdefault\u00bb custom_padding=\u00bb0px|||||\u00bb global_colors_info=\u00bb{}\u00bb][et_pb_column type=\u00bb4_4&#8243; _builder_version=\u00bb4.20.4&#8243; _dynamic_attributes=\u00bblink_option_url\u00bb _module_preset=\u00bbdefault\u00bb background_color=\u00bbrgba(193,62,51,0.9)\u00bb link_option_url=\u00bb@ET-DC@eyJkeW5hbWljIjp0cnVlLCJjb250ZW50IjoicG9zdF9saW5rX3VybF9wYWdlIiwic2V0dGluZ3MiOnsicG9zdF9pZCI6IjUzIn19@\u00bb box_shadow_style=\u00bbpreset1&#8243; global_colors_info=\u00bb{}\u00bb background__hover_enabled=\u00bbon|desktop\u00bb background_color__hover=\u00bb#e0aa25&#8243; background_enable_color__hover=\u00bbon\u00bb][et_pb_text _builder_version=\u00bb4.20.4&#8243; _module_preset=\u00bbdefault\u00bb text_font=\u00bbAllerta||||||||\u00bb text_text_color=\u00bb#FFFFFF\u00bb text_font_size=\u00bb34px\u00bb text_line_height=\u00bb1.8em\u00bb custom_padding=\u00bb||||true|false\u00bb global_colors_info=\u00bb{}\u00bb]<\/p>\n<p style=\"text-align: center;\">\ud83d\ude0aCont\u00e1ctenos para obtener el cat\u00e1logo de productos \ud83d\ude0a<\/p>\n<p>[\/et_pb_text][\/et_pb_column][\/et_pb_row][\/et_pb_section][et_pb_section fb_built=\u00bb1&#8243; _builder_version=\u00bb4.20.4&#8243; _module_preset=\u00bbdefault\u00bb custom_padding=\u00bb||5px|||\u00bb global_colors_info=\u00bb{}\u00bb][et_pb_row column_structure=\u00bb2_5,3_5&#8243; _builder_version=\u00bb4.20.4&#8243; _module_preset=\u00bbdefault\u00bb global_colors_info=\u00bb{}\u00bb][et_pb_column type=\u00bb2_5&#8243; _builder_version=\u00bb4.20.4&#8243; _module_preset=\u00bbdefault\u00bb global_colors_info=\u00bb{}\u00bb][et_pb_text _builder_version=\u00bb4.21.0&#8243; _module_preset=\u00bbdefault\u00bb header_2_font=\u00bbOswald|500||on|||||\u00bb header_2_font_size=\u00bb46px\u00bb hover_enabled=\u00bb0&#8243; global_colors_info=\u00bb{}\u00bb sticky_enabled=\u00bb0&#8243;]<\/p>\n<h2>Kit de asador giratorio de acero inoxidable<\/h2>\n<p>[\/et_pb_text][et_pb_text _builder_version=\u00bb4.21.0&#8243; _module_preset=\u00bbdefault\u00bb text_font_size=\u00bb18px\u00bb text_line_height=\u00bb1.8em\u00bb custom_margin=\u00bb||88px|||\u00bb hover_enabled=\u00bb0&#8243; global_colors_info=\u00bb{}\u00bb sticky_enabled=\u00bb0&#8243;]<\/p>\n<p><span>El kit de asador de acero inoxidable es un accesorio vers\u00e1til para cocinar al aire libre que agrega un nivel adicional de sabor y ternura a las carnes y otros alimentos, al mismo tiempo que proporciona una impresionante presentaci\u00f3n para los invitados.<\/span><\/p>\n<p>[\/et_pb_text][et_pb_text _builder_version=\u00bb4.20.4&#8243; _dynamic_attributes=\u00bblink_option_url\u00bb _module_preset=\u00bbdefault\u00bb text_font=\u00bbMontserrat|||on|||||\u00bb text_text_color=\u00bb#FFFFFF\u00bb text_font_size=\u00bb29px\u00bb text_letter_spacing=\u00bb2px\u00bb background_color=\u00bb#e0aa25&#8243; custom_padding=\u00bb11px||13px|||\u00bb link_option_url=\u00bb@ET-DC@eyJkeW5hbWljIjp0cnVlLCJjb250ZW50IjoicG9zdF9saW5rX3VybF9wYWdlIiwic2V0dGluZ3MiOnsicG9zdF9pZCI6Ijg5OSJ9fQ==@\u00bb box_shadow_style=\u00bbpreset1&#8243; global_colors_info=\u00bb{}\u00bb background__hover_enabled=\u00bbon|hover\u00bb background_color__hover=\u00bbrgba(193,62,51,0.9)\u00bb background_enable_color__hover=\u00bbon\u00bb]<\/p>\n<p style=\"text-align: center;\">Ver m\u00e1s<\/p>\n<p>[\/et_pb_text][\/et_pb_column][et_pb_column type=\u00bb3_5&#8243; _builder_version=\u00bb4.20.4&#8243; _module_preset=\u00bbdefault\u00bb global_colors_info=\u00bb{}\u00bb][et_pb_image src=\u00bbhttps:\/\/www.grill-day.com\/wp-content\/uploads\/2023\/05\/Stainless-Steel-Rotisserie-Kit-2.webp\u00bb alt=\u00bbparrilla de gas de lujo\u00bb title_text=\u00bbStainless Steel Rotisserie Kit &#8211; 2&#8243; _builder_version=\u00bb4.21.0&#8243; _module_preset=\u00bbdefault\u00bb hover_enabled=\u00bb0&#8243; global_colors_info=\u00bb{}\u00bb sticky_enabled=\u00bb0&#8243;][\/et_pb_image][\/et_pb_column][\/et_pb_row][et_pb_row _builder_version=\u00bb4.20.4&#8243; _module_preset=\u00bbdefault\u00bb custom_padding=\u00bb0px|||||\u00bb global_colors_info=\u00bb{}\u00bb][et_pb_column type=\u00bb4_4&#8243; _builder_version=\u00bb4.20.4&#8243; _dynamic_attributes=\u00bblink_option_url\u00bb _module_preset=\u00bbdefault\u00bb background_color=\u00bbrgba(193,62,51,0.9)\u00bb link_option_url=\u00bb@ET-DC@eyJkeW5hbWljIjp0cnVlLCJjb250ZW50IjoicG9zdF9saW5rX3VybF9wYWdlIiwic2V0dGluZ3MiOnsicG9zdF9pZCI6IjUzIn19@\u00bb box_shadow_style=\u00bbpreset1&#8243; global_colors_info=\u00bb{}\u00bb background__hover_enabled=\u00bbon|desktop\u00bb background_color__hover=\u00bb#e0aa25&#8243; background_enable_color__hover=\u00bbon\u00bb][et_pb_text _builder_version=\u00bb4.20.4&#8243; _module_preset=\u00bbdefault\u00bb text_font=\u00bbAllerta||||||||\u00bb text_text_color=\u00bb#FFFFFF\u00bb text_font_size=\u00bb34px\u00bb text_line_height=\u00bb1.8em\u00bb custom_padding=\u00bb||||true|false\u00bb global_colors_info=\u00bb{}\u00bb]<\/p>\n<p style=\"text-align: center;\">\ud83d\ude0aCont\u00e1ctenos para obtener los detalles del producto \ud83d\ude0a<\/p>\n<p>[\/et_pb_text][\/et_pb_column][\/et_pb_row][\/et_pb_section][et_pb_section fb_built=\u00bb1&#8243; _builder_version=\u00bb4.20.4&#8243; _module_preset=\u00bbdefault\u00bb background_color=\u00bb#f7f7f7&#8243; custom_padding=\u00bb4px||95px|||\u00bb global_colors_info=\u00bb{}\u00bb][et_pb_row _builder_version=\u00bb4.20.4&#8243; _module_preset=\u00bbdefault\u00bb global_colors_info=\u00bb{}\u00bb][et_pb_column type=\u00bb4_4&#8243; _builder_version=\u00bb4.20.4&#8243; _module_preset=\u00bbdefault\u00bb global_colors_info=\u00bb{}\u00bb][et_pb_text _builder_version=\u00bb4.20.4&#8243; _module_preset=\u00bbdefault\u00bb header_2_font=\u00bbOswald|500|||||||\u00bb header_2_font_size=\u00bb55px\u00bb global_colors_info=\u00bb{}\u00bb]<\/p>\n<h2>Vista r\u00e1pida<\/h2>\n<p>[\/et_pb_text][\/et_pb_column][\/et_pb_row][et_pb_row _builder_version=\u00bb4.20.4&#8243; _module_preset=\u00bbdefault\u00bb global_colors_info=\u00bb{}\u00bb][et_pb_column type=\u00bb4_4&#8243; _builder_version=\u00bb4.20.4&#8243; _module_preset=\u00bbdefault\u00bb global_colors_info=\u00bb{}\u00bb][et_pb_blog fullwidth=\u00bboff\u00bb posts_number=\u00bb6&#8243; include_categories=\u00bb135&#8243; excerpt_length=\u00bb0&#8243; _builder_version=\u00bb4.21.0&#8243; _module_preset=\u00bbdefault\u00bb global_colors_info=\u00bb{}\u00bb][\/et_pb_blog][\/et_pb_column][\/et_pb_row][\/et_pb_section]<\/p>\n","protected":false},"excerpt":{"rendered":"<p>Las parrillas de pellets han revolucionado la forma en que hacemos barbacoas, proporcionando calor constante, comodidad y un sabor excepcional. Descubre todos los accesorios para parrillas proporcionados por Shanghai DESE. Solo ofrecemos productos de alto rendimiento.Montaje de tolva de pellets para ahumadorEl conjunto de la tolva de pellets para una parrilla es un componente que [&hellip;]<\/p>\n","protected":false},"author":1,"featured_media":0,"parent":0,"menu_order":0,"comment_status":"closed","ping_status":"closed","template":"","meta":{"_et_pb_use_builder":"on","_et_pb_old_content":"","_et_gb_content_width":"","wprm-recipe-roundup-name":"","wprm-recipe-roundup-description":"","cybocfi_hide_featured_image":"","footnotes":""},"class_list":["post-3551","page","type-page","status-publish","hentry"],"yoast_head":"<!-- This site is optimized with the Yoast SEO plugin v25.3.1 - https:\/\/yoast.com\/wordpress\/plugins\/seo\/ -->\n<title>Accesorios - Dese Grill<\/title>\n<meta name=\"robots\" content=\"index, follow, max-snippet:-1, max-image-preview:large, max-video-preview:-1\" \/>\n<link rel=\"canonical\" href=\"https:\/\/www.grill-day.com\/accessories\/\" \/>\n<meta property=\"og:locale\" content=\"es_ES\" \/>\n<meta property=\"og:type\" content=\"article\" \/>\n<meta property=\"og:title\" content=\"Accesorios - Dese Grill\" \/>\n<meta property=\"og:description\" content=\"Las parrillas de pellets han revolucionado la forma en que hacemos barbacoas, proporcionando calor constante, comodidad y un sabor excepcional. Descubre todos los accesorios para parrillas proporcionados por Shanghai DESE. Solo ofrecemos productos de alto rendimiento.Montaje de tolva de pellets para ahumadorEl conjunto de la tolva de pellets para una parrilla es un componente que [&hellip;]\" \/>\n<meta property=\"og:url\" content=\"https:\/\/www.grill-day.com\/accessories\/\" \/>\n<meta property=\"og:site_name\" content=\"Dese Grill\" \/>\n<meta name=\"twitter:card\" content=\"summary_large_image\" \/>\n<meta name=\"twitter:label1\" content=\"Tiempo de lectura\" \/>\n\t<meta name=\"twitter:data1\" content=\"10 minutos\" \/>\n<script type=\"application\/ld+json\" class=\"yoast-schema-graph\">{\"@context\":\"https:\/\/schema.org\",\"@graph\":[{\"@type\":\"WebPage\",\"@id\":\"https:\/\/www.grill-day.com\/accessories\/\",\"url\":\"https:\/\/www.grill-day.com\/accessories\/\",\"name\":\"Accesorios - Dese Grill\",\"isPartOf\":{\"@id\":\"https:\/\/www.grill-day.com\/#website\"},\"datePublished\":\"2023-03-30T01:44:23+00:00\",\"breadcrumb\":{\"@id\":\"https:\/\/www.grill-day.com\/accessories\/#breadcrumb\"},\"inLanguage\":\"es\",\"potentialAction\":[{\"@type\":\"ReadAction\",\"target\":[\"https:\/\/www.grill-day.com\/accessories\/\"]}]},{\"@type\":\"BreadcrumbList\",\"@id\":\"https:\/\/www.grill-day.com\/accessories\/#breadcrumb\",\"itemListElement\":[{\"@type\":\"ListItem\",\"position\":1,\"name\":\"Home\",\"item\":\"https:\/\/www.grill-day.com\/\"},{\"@type\":\"ListItem\",\"position\":2,\"name\":\"Accesorios\"}]},{\"@type\":\"WebSite\",\"@id\":\"https:\/\/www.grill-day.com\/#website\",\"url\":\"https:\/\/www.grill-day.com\/\",\"name\":\"Dese Grill\",\"description\":\"China Professional Pellet Grill Supplier, Smoker Accessories Supplier\",\"potentialAction\":[{\"@type\":\"SearchAction\",\"target\":{\"@type\":\"EntryPoint\",\"urlTemplate\":\"https:\/\/www.grill-day.com\/?s={search_term_string}\"},\"query-input\":{\"@type\":\"PropertyValueSpecification\",\"valueRequired\":true,\"valueName\":\"search_term_string\"}}],\"inLanguage\":\"es\"}]}<\/script>\n<!-- \/ Yoast SEO plugin. -->","yoast_head_json":{"title":"Accesorios - Dese Grill","robots":{"index":"index","follow":"follow","max-snippet":"max-snippet:-1","max-image-preview":"max-image-preview:large","max-video-preview":"max-video-preview:-1"},"canonical":"https:\/\/www.grill-day.com\/accessories\/","og_locale":"es_ES","og_type":"article","og_title":"Accesorios - Dese Grill","og_description":"Las parrillas de pellets han revolucionado la forma en que hacemos barbacoas, proporcionando calor constante, comodidad y un sabor excepcional. Descubre todos los accesorios para parrillas proporcionados por Shanghai DESE. Solo ofrecemos productos de alto rendimiento.Montaje de tolva de pellets para ahumadorEl conjunto de la tolva de pellets para una parrilla es un componente que [&hellip;]","og_url":"https:\/\/www.grill-day.com\/accessories\/","og_site_name":"Dese Grill","twitter_card":"summary_large_image","twitter_misc":{"Tiempo de lectura":"10 minutos"},"schema":{"@context":"https:\/\/schema.org","@graph":[{"@type":"WebPage","@id":"https:\/\/www.grill-day.com\/accessories\/","url":"https:\/\/www.grill-day.com\/accessories\/","name":"Accesorios - Dese Grill","isPartOf":{"@id":"https:\/\/www.grill-day.com\/#website"},"datePublished":"2023-03-30T01:44:23+00:00","breadcrumb":{"@id":"https:\/\/www.grill-day.com\/accessories\/#breadcrumb"},"inLanguage":"es","potentialAction":[{"@type":"ReadAction","target":["https:\/\/www.grill-day.com\/accessories\/"]}]},{"@type":"BreadcrumbList","@id":"https:\/\/www.grill-day.com\/accessories\/#breadcrumb","itemListElement":[{"@type":"ListItem","position":1,"name":"Home","item":"https:\/\/www.grill-day.com\/"},{"@type":"ListItem","position":2,"name":"Accesorios"}]},{"@type":"WebSite","@id":"https:\/\/www.grill-day.com\/#website","url":"https:\/\/www.grill-day.com\/","name":"Dese Grill","description":"China Professional Pellet Grill Supplier, Smoker Accessories Supplier","potentialAction":[{"@type":"SearchAction","target":{"@type":"EntryPoint","urlTemplate":"https:\/\/www.grill-day.com\/?s={search_term_string}"},"query-input":{"@type":"PropertyValueSpecification","valueRequired":true,"valueName":"search_term_string"}}],"inLanguage":"es"}]}},"_links":{"self":[{"href":"https:\/\/www.grill-day.com\/es\/wp-json\/wp\/v2\/pages\/3551","targetHints":{"allow":["GET"]}}],"collection":[{"href":"https:\/\/www.grill-day.com\/es\/wp-json\/wp\/v2\/pages"}],"about":[{"href":"https:\/\/www.grill-day.com\/es\/wp-json\/wp\/v2\/types\/page"}],"author":[{"embeddable":true,"href":"https:\/\/www.grill-day.com\/es\/wp-json\/wp\/v2\/users\/1"}],"replies":[{"embeddable":true,"href":"https:\/\/www.grill-day.com\/es\/wp-json\/wp\/v2\/comments?post=3551"}],"version-history":[{"count":0,"href":"https:\/\/www.grill-day.com\/es\/wp-json\/wp\/v2\/pages\/3551\/revisions"}],"wp:attachment":[{"href":"https:\/\/www.grill-day.com\/es\/wp-json\/wp\/v2\/media?parent=3551"}],"curies":[{"name":"wp","href":"https:\/\/api.w.org\/{rel}","templated":true}]}}